{"id":359,"date":"2024-12-10T06:58:58","date_gmt":"2024-12-10T10:58:58","guid":{"rendered":"https:\/\/w3.cndc.bo\/?page_id=359"},"modified":"2025-09-22T13:18:44","modified_gmt":"2025-09-22T17:18:44","slug":"reglamentos-de-la-ley-de-electricidad","status":"publish","type":"page","link":"https:\/\/w3.cndc.bo\/index.php\/reglamentos-de-la-ley-de-electricidad\/","title":{"rendered":"Reglamentos de la Ley de Electricidad"},"content":{"rendered":"<p>[et_pb_section fb_built=\u00bb1&#8243; admin_label=\u00bbHeader\u00bb _builder_version=\u00bb4.20.0&#8243; _module_preset=\u00bbdefault\u00bb collapsed=\u00bbon\u00bb global_colors_info=\u00bb{}\u00bb][et_pb_row _builder_version=\u00bb4.27.4&#8243; _module_preset=\u00bbdefault\u00bb custom_margin=\u00bb10px||10px||true|false\u00bb border_color_all=\u00bb#00bfff\u00bb border_width_left=\u00bb15px\u00bb border_color_left=\u00bb#0C71C3&#8243; global_colors_info=\u00bb{}\u00bb][et_pb_column type=\u00bb4_4&#8243; _builder_version=\u00bb4.20.0&#8243; _module_preset=\u00bbdefault\u00bb global_colors_info=\u00bb{}\u00bb][et_pb_text _builder_version=\u00bb4.27.4&#8243; _module_preset=\u00bbd0f65e86-ae69-4d33-bfd0-6f3392592cd4&#8243; custom_margin=\u00bb|||25px|false|false\u00bb global_colors_info=\u00bb{}\u00bb]<\/p>\n<h2><span class=\"subtitulo_azul14px\">REGLAMENTOS DE LA LEY DE ELECTRICIDAD<\/span><\/h2>\n<p>[\/et_pb_text][et_pb_text _builder_version=\u00bb4.27.4&#8243; _module_preset=\u00bb300f8e0f-d151-42e8-b3c2-01cfd1a60e88&#8243; custom_margin=\u00bb|||25px|false|false\u00bb hover_enabled=\u00bb0&#8243; global_colors_info=\u00bb{}\u00bb sticky_enabled=\u00bb0&#8243;]<\/p>\n<div style=\"overflow-x: auto;\">\n<table style=\"width: 100%; border-collapse: collapse; font-family: Arial, sans-serif; border: none;\">\n<thead>\n<tr style=\"background-color: #2F5597;\">\n<th style=\"color: white; font-weight: bold; text-align: center; border: 1px solid #ccc; padding: 8px;\">T\u00cdTULO<\/th>\n<th style=\"color: white; font-weight: bold; text-align: center; border: 1px solid #ccc; padding: 8px;\">REGLAMENTO<\/th>\n<\/tr>\n<\/thead>\n<tbody>\n<tr>\n<td style=\"border-bottom: 1px solid #ccc; padding: 8px;\">Reglamento de Operaci\u00f3n del Mercado El\u00e9ctrico<\/td>\n<td style=\"border-bottom: 1px solid #ccc; padding: 8px; text-align: center; vertical-align: middle;\">\n          <a href=\"https:\/\/www.cndc.bo\/normativa\/leyes\/rome.pdf\" target=\"_blank\" rel=\"noopener\"><br \/>\n            <img decoding=\"async\" src=\"https:\/\/w3.cndc.bo\/wp-content\/uploads\/2025\/05\/pdf.png\" alt=\"PDF\" style=\"height: 32px; margin-top: -6px;\" \/><br \/>\n          <\/a>\n        <\/td>\n<\/tr>\n<tr>\n<td style=\"border-bottom: 1px solid #ccc; padding: 8px;\">Reglamento de Precios y Tarifas<\/td>\n<td style=\"border-bottom: 1px solid #ccc; padding: 8px; text-align: center; vertical-align: middle;\">\n          <a href=\"https:\/\/www.cndc.bo\/normativa\/leyes\/r_precta.pdf\" target=\"_blank\" rel=\"noopener\"><br \/>\n            <img decoding=\"async\" src=\"https:\/\/w3.cndc.bo\/wp-content\/uploads\/2025\/05\/pdf.png\" alt=\"PDF\" style=\"height: 32px; margin-top: -6px;\" \/><br \/>\n          <\/a>\n        <\/td>\n<\/tr>\n<tr>\n<td style=\"border-bottom: 1px solid #ccc; padding: 8px;\">Reglamento de Concesiones, Licencias y Licencias Provisionales<\/td>\n<td style=\"border-bottom: 1px solid #ccc; padding: 8px; text-align: center; vertical-align: middle;\">\n          <a href=\"https:\/\/www.cndc.bo\/normativa\/leyes\/r_concec.pdf\" target=\"_blank\" rel=\"noopener\"><br \/>\n            <img decoding=\"async\" src=\"https:\/\/w3.cndc.bo\/wp-content\/uploads\/2025\/05\/pdf.png\" alt=\"PDF\" style=\"height: 32px; margin-top: -6px;\" \/><br \/>\n          <\/a>\n        <\/td>\n<\/tr>\n<tr>\n<td style=\"border-bottom: 1px solid #ccc; padding: 8px;\">Reglamento para el uso de Bienes de Dominio P\u00fablico y Constituci\u00f3n de Servidumbres<\/td>\n<td style=\"border-bottom: 1px solid #ccc; padding: 8px; text-align: center; vertical-align: middle;\">\n          <a href=\"https:\/\/www.cndc.bo\/normativa\/leyes\/r_usobie.pdf\" target=\"_blank\" rel=\"noopener\"><br \/>\n            <img decoding=\"async\" src=\"https:\/\/w3.cndc.bo\/wp-content\/uploads\/2025\/05\/pdf.png\" alt=\"PDF\" style=\"height: 32px; margin-top: -6px;\" \/><br \/>\n          <\/a>\n        <\/td>\n<\/tr>\n<tr>\n<td style=\"border-bottom: 1px solid #ccc; padding: 8px;\">Reglamento de Calidad de Distribuci\u00f3n<\/td>\n<td style=\"border-bottom: 1px solid #ccc; padding: 8px; text-align: center; vertical-align: middle;\">\n          <a href=\"https:\/\/www.cndc.bo\/normativa\/leyes\/r_calidd.pdf\" target=\"_blank\" rel=\"noopener\"><br \/>\n            <img decoding=\"async\" src=\"https:\/\/w3.cndc.bo\/wp-content\/uploads\/2025\/05\/pdf.png\" alt=\"PDF\" style=\"height: 32px; margin-top: -6px;\" \/><br \/>\n          <\/a>\n        <\/td>\n<\/tr>\n<tr>\n<td style=\"border-bottom: 1px solid #ccc; padding: 8px;\">Reglamento de Infracciones y Sanciones<\/td>\n<td style=\"border-bottom: 1px solid #ccc; padding: 8px; text-align: center; vertical-align: middle;\">\n          <a href=\"https:\/\/www.cndc.bo\/normativa\/leyes\/r_infrac.pdf\" target=\"_blank\" rel=\"noopener\"><br \/>\n            <img decoding=\"async\" src=\"https:\/\/w3.cndc.bo\/wp-content\/uploads\/2025\/05\/pdf.png\" alt=\"PDF\" style=\"height: 32px; margin-top: -6px;\" \/><br \/>\n          <\/a>\n        <\/td>\n<\/tr>\n<tr>\n<td style=\"border-bottom: 1px solid #ccc; padding: 8px;\">Reglamento de Calidad de Transmisi\u00f3n<\/td>\n<td style=\"border-bottom: 1px solid #ccc; padding: 8px; text-align: center; vertical-align: middle;\">\n          <a href=\"https:\/\/www.cndc.bo\/normativa\/leyes\/r_calidt.pdf\" target=\"_blank\" rel=\"noopener\"><br \/>\n            <img decoding=\"async\" src=\"https:\/\/w3.cndc.bo\/wp-content\/uploads\/2025\/05\/pdf.png\" alt=\"PDF\" style=\"height: 32px; margin-top: -6px;\" \/><br \/>\n          <\/a>\n        <\/td>\n<\/tr>\n<\/tbody>\n<\/table>\n<\/div>\n<p>[\/et_pb_text][\/et_pb_column][\/et_pb_row][\/et_pb_section]<\/p>\n","protected":false},"excerpt":{"rendered":"<p>REGLAMENTOS DE LA LEY DE ELECTRICIDAD T\u00cdTULO REGLAMENTO Reglamento de Operaci\u00f3n del Mercado El\u00e9ctrico Reglamento de Precios y Tarifas Reglamento de Concesiones, Licencias y Licencias Provisionales Reglamento para el uso de Bienes de Dominio P\u00fablico y Constituci\u00f3n de Servidumbres Reglamento de Calidad de Distribuci\u00f3n Reglamento de Infracciones y Sanciones Reglamento de Calidad de Transmisi\u00f3n<\/p>\n","protected":false},"author":1,"featured_media":0,"parent":0,"menu_order":0,"comment_status":"closed","ping_status":"closed","template":"","meta":{"_et_pb_use_builder":"on","_et_pb_old_content":"","_et_gb_content_width":"","footnotes":""},"class_list":["post-359","page","type-page","status-publish","hentry"],"_links":{"self":[{"href":"https:\/\/w3.cndc.bo\/index.php\/wp-json\/wp\/v2\/pages\/359","targetHints":{"allow":["GET"]}}],"collection":[{"href":"https:\/\/w3.cndc.bo\/index.php\/wp-json\/wp\/v2\/pages"}],"about":[{"href":"https:\/\/w3.cndc.bo\/index.php\/wp-json\/wp\/v2\/types\/page"}],"author":[{"embeddable":true,"href":"https:\/\/w3.cndc.bo\/index.php\/wp-json\/wp\/v2\/users\/1"}],"replies":[{"embeddable":true,"href":"https:\/\/w3.cndc.bo\/index.php\/wp-json\/wp\/v2\/comments?post=359"}],"version-history":[{"count":14,"href":"https:\/\/w3.cndc.bo\/index.php\/wp-json\/wp\/v2\/pages\/359\/revisions"}],"predecessor-version":[{"id":5616,"href":"https:\/\/w3.cndc.bo\/index.php\/wp-json\/wp\/v2\/pages\/359\/revisions\/5616"}],"wp:attachment":[{"href":"https:\/\/w3.cndc.bo\/index.php\/wp-json\/wp\/v2\/media?parent=359"}],"curies":[{"name":"wp","href":"https:\/\/api.w.org\/{rel}","templated":true}]}}