{"id":353,"date":"2024-12-10T06:57:30","date_gmt":"2024-12-10T10:57:30","guid":{"rendered":"https:\/\/w3.cndc.bo\/?page_id=353"},"modified":"2025-06-16T15:08:31","modified_gmt":"2025-06-16T19:08:31","slug":"normativa-sector-electrico","status":"publish","type":"page","link":"https:\/\/w3.cndc.bo\/index.php\/normativa-sector-electrico\/","title":{"rendered":"Normativa Sector El\u00e9ctrico"},"content":{"rendered":"<p>[et_pb_section fb_built=\u00bb1&#8243; admin_label=\u00bbHeader\u00bb _builder_version=\u00bb4.27.4&#8243; _module_preset=\u00bbdefault\u00bb min_height=\u00bb100vh\u00bb height=\u00bb100vh\u00bb max_height=\u00bb100vh\u00bb collapsed=\u00bbon\u00bb global_colors_info=\u00bb{}\u00bb][et_pb_row _builder_version=\u00bb4.27.4&#8243; _module_preset=\u00bbdefault\u00bb border_color_all=\u00bb#00bfff\u00bb border_width_left=\u00bb15px\u00bb border_color_left=\u00bb#0C71C3&#8243; global_colors_info=\u00bb{}\u00bb][et_pb_column type=\u00bb4_4&#8243; _builder_version=\u00bb4.20.0&#8243; _module_preset=\u00bbdefault\u00bb global_colors_info=\u00bb{}\u00bb][et_pb_text _builder_version=\u00bb4.27.4&#8243; _module_preset=\u00bba67e44ea-700c-45b0-87a4-435c4499774c\u00bb custom_margin=\u00bb|||25px|false|false\u00bb global_colors_info=\u00bb{}\u00bb]El marco legal de las actividades de la industria el\u00e9ctrica en la Rep\u00fablica de Bolivia y espec\u00edficamente del Mercado El\u00e9ctrico Mayorista Boliviano comprende:<\/p>\n<div class=\"detalle_mapasitio\">\n<p><strong><a href=\"https:\/\/w3.cndc.bo\/index.php\/ley-de-electricidad\/\">Ley de Electricidad N\u00b0 1604<\/a><\/strong> de fecha 21 de diciembre de 1994, que define los principios, la organizaci\u00f3n institucional, la estructura operativa y modelo econ\u00f3mico del sector el\u00e9ctrico boliviano.<\/p>\n<p><strong><a href=\"https:\/\/w3.cndc.bo\/index.php\/reglamentos-de-la-ley-de-electricidad\/\">Reglamentos<\/a><\/strong> que establecen en forma ampliada y complementaria a la Ley de Electricidad el tratamiento operativo y econ\u00f3mico del Mercado El\u00e9ctrico.<\/p>\n<p style=\"text-align: justify;\"><strong><a href=\"https:\/\/w3.cndc.bo\/index.php\/normas-operativas\/\">Normas Operativas<\/a><\/strong> que son elaboradas por el Comit\u00e9 Nacional de Despacho de Carga y aprobadas por la Superintendencia de Electricidad con el objetivo de fijar procedimientos detallados para la coordinaci\u00f3n y administraci\u00f3n del Mercado El\u00e9ctrico.<\/p>\n<\/div>\n<p>&nbsp;[\/et_pb_text][\/et_pb_column][\/et_pb_row][\/et_pb_section]<\/p>\n","protected":false},"excerpt":{"rendered":"<p>El marco legal de las actividades de la industria el\u00e9ctrica en la Rep\u00fablica de Bolivia y espec\u00edficamente del Mercado El\u00e9ctrico Mayorista Boliviano comprende: Ley de Electricidad N\u00b0 1604 de fecha 21 de diciembre de 1994, que define los principios, la organizaci\u00f3n institucional, la estructura operativa y modelo econ\u00f3mico del sector el\u00e9ctrico boliviano. Reglamentos que establecen [&hellip;]<\/p>\n","protected":false},"author":1,"featured_media":0,"parent":0,"menu_order":0,"comment_status":"closed","ping_status":"closed","template":"","meta":{"_et_pb_use_builder":"on","_et_pb_old_content":"","_et_gb_content_width":"","footnotes":""},"class_list":["post-353","page","type-page","status-publish","hentry"],"_links":{"self":[{"href":"https:\/\/w3.cndc.bo\/index.php\/wp-json\/wp\/v2\/pages\/353","targetHints":{"allow":["GET"]}}],"collection":[{"href":"https:\/\/w3.cndc.bo\/index.php\/wp-json\/wp\/v2\/pages"}],"about":[{"href":"https:\/\/w3.cndc.bo\/index.php\/wp-json\/wp\/v2\/types\/page"}],"author":[{"embeddable":true,"href":"https:\/\/w3.cndc.bo\/index.php\/wp-json\/wp\/v2\/users\/1"}],"replies":[{"embeddable":true,"href":"https:\/\/w3.cndc.bo\/index.php\/wp-json\/wp\/v2\/comments?post=353"}],"version-history":[{"count":9,"href":"https:\/\/w3.cndc.bo\/index.php\/wp-json\/wp\/v2\/pages\/353\/revisions"}],"predecessor-version":[{"id":3358,"href":"https:\/\/w3.cndc.bo\/index.php\/wp-json\/wp\/v2\/pages\/353\/revisions\/3358"}],"wp:attachment":[{"href":"https:\/\/w3.cndc.bo\/index.php\/wp-json\/wp\/v2\/media?parent=353"}],"curies":[{"name":"wp","href":"https:\/\/api.w.org\/{rel}","templated":true}]}}