{"id":344,"date":"2024-12-10T06:54:37","date_gmt":"2024-12-10T10:54:37","guid":{"rendered":"https:\/\/w3.cndc.bo\/?page_id=344"},"modified":"2026-02-06T11:27:17","modified_gmt":"2026-02-06T15:27:17","slug":"iso-17020","status":"publish","type":"page","link":"https:\/\/w3.cndc.bo\/index.php\/iso-17020\/","title":{"rendered":"ISO 17020"},"content":{"rendered":"<p>[et_pb_section fb_built=\u00bb1&#8243; admin_label=\u00bbHeader\u00bb _builder_version=\u00bb4.20.0&#8243; _module_preset=\u00bbdefault\u00bb collapsed=\u00bbon\u00bb global_colors_info=\u00bb{}\u00bb][et_pb_row _builder_version=\u00bb4.27.4&#8243; _module_preset=\u00bbdefault\u00bb border_color_all=\u00bb#00bfff\u00bb border_width_left=\u00bb15px\u00bb border_color_left=\u00bb#0C71C3&#8243; global_colors_info=\u00bb{}\u00bb][et_pb_column type=\u00bb4_4&#8243; _builder_version=\u00bb4.20.0&#8243; _module_preset=\u00bbdefault\u00bb global_colors_info=\u00bb{}\u00bb][et_pb_text _builder_version=\u00bb4.27.4&#8243; _module_preset=\u00bb0c6d9bb5-180d-465e-b4c0-1c9623a1d253&#8243; custom_margin=\u00bb|||25px|false|false\u00bb global_colors_info=\u00bb{}\u00bb]<\/p>\n<h2><strong>ORGANISMO DE INSPECCI\u00d3N DEL SMEC<\/strong><\/h2>\n<p>[\/et_pb_text][et_pb_text _builder_version=\u00bb4.27.4&#8243; _module_preset=\u00bb57605a19-12ff-4bc8-937c-eddab20ed11b\u00bb custom_margin=\u00bb|||25px|false|false\u00bb locked=\u00bboff\u00bb global_colors_info=\u00bb{}\u00bb]<\/p>\n<p style=\"text-align: justify;\"><strong>POL\u00cdTICA DEL ORGANISMO DE INSPECCI\u00d3N DEL SMEC<\/strong><\/p>\n<p style=\"text-align: justify;\">El Organismo de Inspecci\u00f3n del SMEC presta servicios especializados de inspecci\u00f3n del sistema de medici\u00f3n comercial (SMEC), los cuales se encuentran enmarcados en la Norma <strong>Operativa No. 8 del CNDC<\/strong>, verificando el cumplimiento de la norma operativa para proyectos nuevos, verificaci\u00f3n y evaluaci\u00f3n de la conformidad de las caracter\u00edsticas t\u00e9cnicas, las condiciones de funcionamiento y el mantenimiento de la trazabilidad metrol\u00f3gica de los equipos de medici\u00f3n de energ\u00eda el\u00e9ctrica, que forman parte del Sistema de Medici\u00f3n Comercial en el Mercado El\u00e9ctrico Mayorista Boliviano.<\/p>\n<p style=\"text-align: justify;\">Nuestros servicios se realizan con autonom\u00eda t\u00e9cnica y mecanismos organizacionales que minimizan cualquier tipo de inter\u00e9s particular e influencia indebida sobre el personal del Organismo de Inspecci\u00f3n del SMEC.<\/p>\n<p style=\"text-align: justify;\">Los servicios del Organismo de Inspecci\u00f3n del SMEC son gestionados de forma imparcial e independiente, sin que medie ning\u00fan tipo de inter\u00e9s indebido de orden personal, econ\u00f3mico u organizacional.<\/p>\n<p style=\"text-align: justify;\">La gesti\u00f3n de la informaci\u00f3n que se recibe y genera en la prestaci\u00f3n de los servicios de inspecci\u00f3n, se realiza bajo un marco de confidencialidad, transparencia y respeto a la propiedad de los clientes y partes interesadas. Con el prop\u00f3sito de mantener servicios competentes con cualidades t\u00e9cnicas, implementamos un Sistema de Gesti\u00f3n que da un soporte consistente a nuestras operaciones; en el cual el factor clave es la competencia t\u00e9cnica de nuestro personal, que se desarrolla y mantiene con asesoramiento, capacitaci\u00f3n y supervisi\u00f3n en sus actuaciones. As\u00ed mismo nuestro Sistema de Gesti\u00f3n est\u00e1 orientado a la mejora continua.<\/p>\n<p style=\"text-align: justify;\">Mantenemos nuestro compromiso con el cumplimiento los requisitos de la Norma Internacional NB\/ISO\/IEC 17020 y la mejora de la eficacia de nuestro sistema de gesti\u00f3n.<\/p>\n<p style=\"text-align: justify;\">\n<p style=\"text-align: justify;\"><strong>OBJETIVOS DEL ORGANISMO DE INSPECCI\u00d3N DEL SMEC<\/strong><\/p>\n<p style=\"text-align: justify;\">1.Mantener la acreditaci\u00f3n del Organismo de Inspecci\u00f3n del sistema de medici\u00f3n comercial (SMEC) basado en NB\/ISO\/IEC 17020:2012 ante la DTA-IBMETRO.<\/p>\n<p style=\"text-align: justify;\">2.Mantener competencias del personal del Organismo de Inspecci\u00f3n del SMEC para la realizaci\u00f3n de inspecciones del SMEC consistentes con la normativa operativa vigente y la administraci\u00f3n de un sistema de gesti\u00f3n conforme a la norma NB\/ISO\/IEC 17020:2012.<\/p>\n<p>[\/et_pb_text][\/et_pb_column][\/et_pb_row][\/et_pb_section][et_pb_section fb_built=\u00bb1&#8243; admin_label=\u00bbFeature\u00bb _builder_version=\u00bb4.27.4&#8243; _module_preset=\u00bbdefault\u00bb custom_padding=\u00bb0px||0px||true|false\u00bb box_shadow_style=\u00bbpreset1&#8243; locked=\u00bboff\u00bb collapsed=\u00bbon\u00bb global_colors_info=\u00bb{}\u00bb][et_pb_row column_structure=\u00bb1_2,1_2&#8243; use_custom_gutter=\u00bbon\u00bb gutter_width=\u00bb1&#8243; make_equal=\u00bbon\u00bb _builder_version=\u00bb4.27.4&#8243; _module_preset=\u00bbdefault\u00bb width=\u00bb100%\u00bb max_width=\u00bbnone\u00bb min_height=\u00bb900px\u00bb custom_padding=\u00bb0px||0px||true|false\u00bb global_colors_info=\u00bb{}\u00bb][et_pb_column type=\u00bb1_2&#8243; _builder_version=\u00bb4.27.4&#8243; _module_preset=\u00bbdefault\u00bb background_image=\u00bbhttps:\/\/w3.cndc.bo\/wp-content\/uploads\/2025\/04\/2148241234.jpg\u00bb custom_padding=\u00bb10vw|10vw|10vw|10vw|true|true\u00bb box_shadow_style=\u00bbpreset4&#8243; box_shadow_horizontal=\u00bb0px\u00bb box_shadow_vertical=\u00bb0px\u00bb box_shadow_spread=\u00bb6vw\u00bb box_shadow_color=\u00bb#FFFFFF\u00bb box_shadow_position=\u00bbinner\u00bb global_colors_info=\u00bb{}\u00bb][et_pb_image src=\u00bbhttps:\/\/w3.cndc.bo\/wp-content\/uploads\/2026\/02\/DTA-CET-185-CNDC-OI_firmado-pdf.jpg\u00bb title_text=\u00bbDTA-CET-185 CNDC OI_firmado\u00bb align=\u00bbcenter\u00bb _builder_version=\u00bb4.27.4&#8243; _module_preset=\u00bbdefault\u00bb hover_enabled=\u00bb0&#8243; border_radii=\u00bbon|5px|5px|5px|5px\u00bb border_width_all=\u00bb10px\u00bb border_color_all=\u00bb#FFFFFF\u00bb global_colors_info=\u00bb{}\u00bb sticky_enabled=\u00bb0&#8243;][\/et_pb_image][et_pb_text _builder_version=\u00bb4.27.4&#8243; _module_preset=\u00bbdefault\u00bb locked=\u00bboff\u00bb global_colors_info=\u00bb{}\u00bb]<\/p>\n<p><span style=\"color: #ffffff;\">Verifica el alcance de acreditaci\u00f3n en la p\u00e1gina web de<\/span><br \/><a href=\"https:\/\/www.ibmetro.gob.bo\/\" target=\"_blank\" rel=\"noopener\">IBMETRO<\/a><\/p>\n<p>[\/et_pb_text][\/et_pb_column][et_pb_column type=\u00bb1_2&#8243; _builder_version=\u00bb4.20.0&#8243; _module_preset=\u00bbdefault\u00bb background_color=\u00bbgcid-86da69f8-ce43-4c42-8395-4abd58818e72&#8243; custom_padding=\u00bb16vw|8vw|16vw|8vw|true|true\u00bb global_colors_info=\u00bb{%22gcid-86da69f8-ce43-4c42-8395-4abd58818e72%22:%91%22background_color%22%93}\u00bb][et_pb_text _builder_version=\u00bb4.27.4&#8243; _module_preset=\u00bbbd3b6ebf-f5a9-4d60-a376-0ff37c3724dc\u00bb custom_margin=\u00bb||30px||false|false\u00bb locked=\u00bboff\u00bb global_colors_info=\u00bb{}\u00bb]<\/p>\n<h2><span style=\"color: #ffffff;\">CETIFICADO DE ACREDITACI\u00d3N<\/span><\/h2>\n<p>[\/et_pb_text][et_pb_text _builder_version=\u00bb4.27.4&#8243; _module_preset=\u00bbf5ab8800-8516-4ee4-b95a-93b8e1c6cd74&#8243; global_colors_info=\u00bb{}\u00bb]<\/p>\n<p style=\"text-align: justify;\"><span style=\"color: #ffffff;\">Desde septiembre del 2022, el Comit\u00e9 Nacional de Despacho de Carga (CNDC) cuenta con la acreditaci\u00f3n de su Sistema de Gesti\u00f3n de Calidad conforme a la norma NB\/ISO\/IEC 17020:2012. <\/span><span style=\"color: #ffffff;\">Evaluaci\u00f3n de la conformidad &#8211; Requisitos para el funcionamiento de diferentes tipos de organismos que realizan la inspecci\u00f3n. Este logro reafirma el compromiso con la excelencia y la mejora continua en la calidad del servicio que presta al sector el\u00e9ctrico boliviano.<\/span><\/p>\n<p>[\/et_pb_text][\/et_pb_column][\/et_pb_row][\/et_pb_section]<\/p>\n","protected":false},"excerpt":{"rendered":"<p>ORGANISMO DE INSPECCI\u00d3N DEL SMECPOL\u00cdTICA DEL ORGANISMO DE INSPECCI\u00d3N DEL SMEC El Organismo de Inspecci\u00f3n del SMEC presta servicios especializados de inspecci\u00f3n del sistema de medici\u00f3n comercial (SMEC), los cuales se encuentran enmarcados en la Norma Operativa No. 8 del CNDC, verificando el cumplimiento de la norma operativa para proyectos nuevos, verificaci\u00f3n y evaluaci\u00f3n de [&hellip;]<\/p>\n","protected":false},"author":1,"featured_media":0,"parent":0,"menu_order":0,"comment_status":"closed","ping_status":"closed","template":"","meta":{"_et_pb_use_builder":"on","_et_pb_old_content":"","_et_gb_content_width":"","footnotes":""},"class_list":["post-344","page","type-page","status-publish","hentry"],"_links":{"self":[{"href":"https:\/\/w3.cndc.bo\/index.php\/wp-json\/wp\/v2\/pages\/344","targetHints":{"allow":["GET"]}}],"collection":[{"href":"https:\/\/w3.cndc.bo\/index.php\/wp-json\/wp\/v2\/pages"}],"about":[{"href":"https:\/\/w3.cndc.bo\/index.php\/wp-json\/wp\/v2\/types\/page"}],"author":[{"embeddable":true,"href":"https:\/\/w3.cndc.bo\/index.php\/wp-json\/wp\/v2\/users\/1"}],"replies":[{"embeddable":true,"href":"https:\/\/w3.cndc.bo\/index.php\/wp-json\/wp\/v2\/comments?post=344"}],"version-history":[{"count":13,"href":"https:\/\/w3.cndc.bo\/index.php\/wp-json\/wp\/v2\/pages\/344\/revisions"}],"predecessor-version":[{"id":6275,"href":"https:\/\/w3.cndc.bo\/index.php\/wp-json\/wp\/v2\/pages\/344\/revisions\/6275"}],"wp:attachment":[{"href":"https:\/\/w3.cndc.bo\/index.php\/wp-json\/wp\/v2\/media?parent=344"}],"curies":[{"name":"wp","href":"https:\/\/api.w.org\/{rel}","templated":true}]}}