{"id":335,"date":"2024-12-10T06:51:55","date_gmt":"2024-12-10T10:51:55","guid":{"rendered":"https:\/\/w3.cndc.bo\/?page_id=335"},"modified":"2025-12-10T04:02:53","modified_gmt":"2025-12-10T08:02:53","slug":"mision-vision-principios-y-valores","status":"publish","type":"page","link":"https:\/\/w3.cndc.bo\/index.php\/mision-vision-principios-y-valores\/","title":{"rendered":"Misi\u00f3n, Visi\u00f3n, Principios y Valores"},"content":{"rendered":"<p>[et_pb_section fb_built=\u00bb1&#8243; admin_label=\u00bbHeader\u00bb _builder_version=\u00bb4.20.0&#8243; _module_preset=\u00bbdefault\u00bb custom_padding=\u00bb||0px|||\u00bb collapsed=\u00bbon\u00bb global_colors_info=\u00bb{}\u00bb][et_pb_row _builder_version=\u00bb4.27.4&#8243; _module_preset=\u00bbdefault\u00bb border_color_all=\u00bb#00bfff\u00bb border_width_left=\u00bb15px\u00bb border_color_left=\u00bb#0C71C3&#8243; global_colors_info=\u00bb{}\u00bb][et_pb_column type=\u00bb4_4&#8243; _builder_version=\u00bb4.20.0&#8243; _module_preset=\u00bbdefault\u00bb global_colors_info=\u00bb{}\u00bb][et_pb_text _builder_version=\u00bb4.27.4&#8243; _module_preset=\u00bbd0f65e86-ae69-4d33-bfd0-6f3392592cd4&#8243; custom_margin=\u00bb10px||10px|25px|true|false\u00bb global_colors_info=\u00bb{}\u00bb]<\/p>\n<h2>Misi\u00f3n<\/h2>\n<p>[\/et_pb_text][et_pb_text _builder_version=\u00bb4.27.4&#8243; _module_preset=\u00bb964df7e9-aca9-4d2d-b42d-1bd9c880cab4&#8243; custom_margin=\u00bb10px||10px|25px|true|false\u00bb global_colors_info=\u00bb{}\u00bb]<\/p>\n<p style=\"text-align: justify;\"><span lang=\"ES-BO\">\u201cOperar el Sistema Interconectado Nacional (SIN), Administrar el Mercado El\u00e9ctrico Mayorista (MEM) y Participar en la Planificaci\u00f3n de la Expansi\u00f3n del SIN, con criterios de seguridad, confiabilidad y a costo m\u00ednimo; adem\u00e1s, contribuir al desarrollo sostenible de la industria el\u00e9ctrica, cambio de la matriz energ\u00e9tica y exportaci\u00f3n de excedentes.\u201d<\/span><\/p>\n<p>[\/et_pb_text][\/et_pb_column][\/et_pb_row][\/et_pb_section][et_pb_section fb_built=\u00bb1&#8243; admin_label=\u00bbHeader\u00bb _builder_version=\u00bb4.20.0&#8243; _module_preset=\u00bbdefault\u00bb custom_padding=\u00bb44px||39px|||\u00bb collapsed=\u00bbon\u00bb global_colors_info=\u00bb{}\u00bb][et_pb_row _builder_version=\u00bb4.27.4&#8243; _module_preset=\u00bbdefault\u00bb border_color_all=\u00bb#00bfff\u00bb border_width_left=\u00bb15px\u00bb border_color_left=\u00bb#0C71C3&#8243; global_colors_info=\u00bb{}\u00bb][et_pb_column type=\u00bb4_4&#8243; _builder_version=\u00bb4.20.0&#8243; _module_preset=\u00bbdefault\u00bb global_colors_info=\u00bb{}\u00bb][et_pb_text _builder_version=\u00bb4.27.4&#8243; _module_preset=\u00bbd0f65e86-ae69-4d33-bfd0-6f3392592cd4&#8243; custom_margin=\u00bb10px||10px|25px|true|false\u00bb global_colors_info=\u00bb{}\u00bb]<\/p>\n<h2>Visi\u00f3n<\/h2>\n<p>[\/et_pb_text][et_pb_text _builder_version=\u00bb4.27.4&#8243; _module_preset=\u00bb964df7e9-aca9-4d2d-b42d-1bd9c880cab4&#8243; custom_margin=\u00bb10px||10px|25px|true|false\u00bb global_colors_info=\u00bb{}\u00bb]<\/p>\n<p style=\"text-align: justify;\"><span lang=\"ES-BO\">\u201cSer la entidad que coadyuve al desarrollo del Sistema Interconectado Nacional, cambio de la matriz energ\u00e9tica y la integraci\u00f3n el\u00e9ctrica regional, en forma coordinada con el Ministerio de Hidrocarburos y Energ\u00edas.\u201d<\/span><\/p>\n<p>[\/et_pb_text][\/et_pb_column][\/et_pb_row][\/et_pb_section][et_pb_section fb_built=\u00bb1&#8243; admin_label=\u00bbFeature\u00bb _builder_version=\u00bb4.27.4&#8243; _module_preset=\u00bbdefault\u00bb custom_padding=\u00bb0px||0px||true|false\u00bb box_shadow_style=\u00bbpreset1&#8243; locked=\u00bboff\u00bb collapsed=\u00bbon\u00bb global_colors_info=\u00bb{}\u00bb][et_pb_row column_structure=\u00bb1_2,1_2&#8243; use_custom_gutter=\u00bbon\u00bb gutter_width=\u00bb1&#8243; make_equal=\u00bbon\u00bb _builder_version=\u00bb4.27.4&#8243; _module_preset=\u00bbdefault\u00bb width=\u00bb100%\u00bb max_width=\u00bbnone\u00bb min_height=\u00bb800px\u00bb custom_padding=\u00bb0px||0px||true|false\u00bb global_colors_info=\u00bb{}\u00bb][et_pb_column type=\u00bb1_2&#8243; _builder_version=\u00bb4.20.0&#8243; _module_preset=\u00bbdefault\u00bb background_color=\u00bbgcid-86da69f8-ce43-4c42-8395-4abd58818e72&#8243; custom_padding=\u00bb16vw|8vw|16vw|8vw|true|true\u00bb global_colors_info=\u00bb{%22gcid-86da69f8-ce43-4c42-8395-4abd58818e72%22:%91%22background_color%22%93}\u00bb][et_pb_text _builder_version=\u00bb4.27.4&#8243; _module_preset=\u00bb3410c686-a133-405d-a919-efb9c37b1539&#8243; custom_margin=\u00bb||30px||false|false\u00bb hover_enabled=\u00bb0&#8243; global_colors_info=\u00bb{}\u00bb sticky_enabled=\u00bb0&#8243;]<\/p>\n<h2><span style=\"color: #ffffff;\">Principios Institucionales<\/span><\/h2>\n<p>[\/et_pb_text][et_pb_text _builder_version=\u00bb4.27.4&#8243; _module_preset=\u00bb964df7e9-aca9-4d2d-b42d-1bd9c880cab4&#8243; global_colors_info=\u00bb{}\u00bb]<\/p>\n<p><span lang=\"ES-BO\" style=\"color: #ffffff;\">Los principios formulados por el CNDC, que se constituyen en compromisos de realizaci\u00f3n y rigen la conducta \u00e9tica &#8211; moral de su personal son:<\/span><\/p>\n<table style=\"height: 10px; width: 100%; border-collapse: collapse; border-color: #008ee0; border-style: hidden;\" border=\"0\">\n<tbody>\n<tr style=\"height: 10px;\">\n<td style=\"width: 50%; height: 10px;\">\n<p><span style=\"color: #ffffff;\">\u2022 Confidencialidad.<\/span><\/p>\n<p><span style=\"color: #ffffff;\">\u2022 Equidad.<\/span><\/p>\n<p><span style=\"color: #ffffff;\">\u2022 Honestidad.<\/span><\/p>\n<p><span style=\"color: #ffffff;\">\u2022 Igualdad de Oportunidades.<\/span><\/p>\n<p><span style=\"color: #ffffff;\">\u2022 Imparcialidad.<\/span><\/p>\n<\/td>\n<td style=\"width: 50%; height: 10px;\">\n<p><span style=\"color: #ffffff;\">\u00a0<\/span><\/p>\n<p><span style=\"color: #ffffff;\">\u2022 Independencia.<\/span><\/p>\n<p><span style=\"color: #ffffff;\">\u2022 Integridad.<\/span><\/p>\n<p><span style=\"color: #ffffff;\">\u2022 Lealtad.<\/span><\/p>\n<p><span style=\"color: #ffffff;\">\u2022 Responsabilidad.<\/span><\/p>\n<p><span style=\"color: #ffffff;\">\u2022 Transparencia.<\/span><\/p>\n<p><span style=\"color: #ffffff;\">\u00a0<\/span><\/p>\n<\/td>\n<\/tr>\n<\/tbody>\n<\/table>\n<p><span style=\"color: #ffffff;\">\u00a0<\/span><\/p>\n<p>[\/et_pb_text][et_pb_text _builder_version=\u00bb4.27.4&#8243; _module_preset=\u00bb3410c686-a133-405d-a919-efb9c37b1539&#8243; custom_margin=\u00bb35px||15px||false|false\u00bb hover_enabled=\u00bb0&#8243; global_colors_info=\u00bb{}\u00bb sticky_enabled=\u00bb0&#8243;]<\/p>\n<h2><span style=\"color: #ffffff;\">Valores<\/span><\/h2>\n<p>[\/et_pb_text][et_pb_text _builder_version=\u00bb4.27.4&#8243; _module_preset=\u00bb964df7e9-aca9-4d2d-b42d-1bd9c880cab4&#8243; global_colors_info=\u00bb{}\u00bb]<\/p>\n<p><span lang=\"ES-BO\" style=\"color: #ffffff;\">Los valores que rigen la conducta \u00e9tica del personal del CNDC son:<\/span><\/p>\n<table style=\"width: 100%; border-collapse: collapse; border-style: hidden; border-color: #008ee0;\" border=\"0\">\n<tbody>\n<tr>\n<td style=\"width: 50%;\">\n<p><span style=\"color: #ffffff;\">\u2022 Adaptaci\u00f3n al cambio.<\/span><\/p>\n<p><span style=\"color: #ffffff;\">\u2022 Compromiso.<\/span><\/p>\n<p><span style=\"color: #ffffff;\">\u2022 Confianza.<\/span><\/p>\n<p><span style=\"color: #ffffff;\">\u2022 Dignidad.<\/span><\/p>\n<p><span style=\"color: #ffffff;\">\u2022 Honradez.<\/span><\/p>\n<p><span style=\"color: #ffffff;\">\u2022 Igualdad.<\/span><\/p>\n<\/td>\n<td style=\"width: 50%;\">\n<p>&nbsp;<\/p>\n<p><span style=\"color: #ffffff;\">\u2022 Inclusi\u00f3n.<\/span><\/p>\n<p><span style=\"color: #ffffff;\">\u2022 Respeto.<\/span><\/p>\n<p><span style=\"color: #ffffff;\">\u2022 Solidaridad.<\/span><\/p>\n<p><span style=\"color: #ffffff;\">\u2022 Trabajo en equipo.<\/span><\/p>\n<p><span style=\"color: #ffffff;\">\u2022 Vocaci\u00f3n de servicio.<\/span><\/p>\n<p><span style=\"color: #ffffff;\">\u00a0<\/span><\/p>\n<p><span style=\"color: #ffffff;\">\u00a0<\/span><\/p>\n<\/td>\n<\/tr>\n<\/tbody>\n<\/table>\n<p><span style=\"color: #ffffff;\">\u00a0<\/span><\/p>\n<p>[\/et_pb_text][\/et_pb_column][et_pb_column type=\u00bb1_2&#8243; _builder_version=\u00bb4.27.4&#8243; _module_preset=\u00bbdefault\u00bb background_image=\u00bbhttps:\/\/w3.cndc.bo\/wp-content\/uploads\/2025\/04\/3750.jpg\u00bb custom_padding=\u00bb10vw|10vw|10vw|10vw|true|true\u00bb box_shadow_style=\u00bbpreset4&#8243; box_shadow_horizontal=\u00bb0px\u00bb box_shadow_vertical=\u00bb0px\u00bb box_shadow_spread=\u00bb6vw\u00bb box_shadow_color=\u00bb#FFFFFF\u00bb box_shadow_position=\u00bbinner\u00bb global_colors_info=\u00bb{}\u00bb][et_pb_image src=\u00bbhttps:\/\/w3.cndc.bo\/wp-content\/uploads\/2025\/05\/2150885499-e1745333833514.jpg\u00bb title_text=\u00bb \u00bb align=\u00bbcenter\u00bb _builder_version=\u00bb4.27.4&#8243; _module_preset=\u00bbdefault\u00bb custom_margin=\u00bb50px||||false|false\u00bb border_radii=\u00bbon|5px|5px|5px|5px\u00bb border_width_all=\u00bb10px\u00bb border_color_all=\u00bb#FFFFFF\u00bb global_colors_info=\u00bb{}\u00bb][\/et_pb_image][et_pb_image src=\u00bbhttps:\/\/w3.cndc.bo\/wp-content\/uploads\/2025\/04\/8921.jpg\u00bb title_text=\u00bb \u00bb align=\u00bbcenter\u00bb _builder_version=\u00bb4.27.4&#8243; _module_preset=\u00bbdefault\u00bb custom_margin=\u00bb50px||||false|false\u00bb border_radii=\u00bbon|5px|5px|5px|5px\u00bb border_width_all=\u00bb10px\u00bb border_color_all=\u00bb#FFFFFF\u00bb global_colors_info=\u00bb{}\u00bb][\/et_pb_image][\/et_pb_column][\/et_pb_row][\/et_pb_section]<\/p>\n","protected":false},"excerpt":{"rendered":"<p>Misi\u00f3n\u201cOperar el Sistema Interconectado Nacional (SIN), Administrar el Mercado El\u00e9ctrico Mayorista (MEM) y Participar en la Planificaci\u00f3n de la Expansi\u00f3n del SIN, con criterios de seguridad, confiabilidad y a costo m\u00ednimo; adem\u00e1s, contribuir al desarrollo sostenible de la industria el\u00e9ctrica, cambio de la matriz energ\u00e9tica y exportaci\u00f3n de excedentes.\u201dVisi\u00f3n\u201cSer la entidad que coadyuve al desarrollo [&hellip;]<\/p>\n","protected":false},"author":1,"featured_media":0,"parent":0,"menu_order":0,"comment_status":"closed","ping_status":"closed","template":"","meta":{"_et_pb_use_builder":"on","_et_pb_old_content":"","_et_gb_content_width":"","footnotes":""},"class_list":["post-335","page","type-page","status-publish","hentry"],"_links":{"self":[{"href":"https:\/\/w3.cndc.bo\/index.php\/wp-json\/wp\/v2\/pages\/335","targetHints":{"allow":["GET"]}}],"collection":[{"href":"https:\/\/w3.cndc.bo\/index.php\/wp-json\/wp\/v2\/pages"}],"about":[{"href":"https:\/\/w3.cndc.bo\/index.php\/wp-json\/wp\/v2\/types\/page"}],"author":[{"embeddable":true,"href":"https:\/\/w3.cndc.bo\/index.php\/wp-json\/wp\/v2\/users\/1"}],"replies":[{"embeddable":true,"href":"https:\/\/w3.cndc.bo\/index.php\/wp-json\/wp\/v2\/comments?post=335"}],"version-history":[{"count":21,"href":"https:\/\/w3.cndc.bo\/index.php\/wp-json\/wp\/v2\/pages\/335\/revisions"}],"predecessor-version":[{"id":5995,"href":"https:\/\/w3.cndc.bo\/index.php\/wp-json\/wp\/v2\/pages\/335\/revisions\/5995"}],"wp:attachment":[{"href":"https:\/\/w3.cndc.bo\/index.php\/wp-json\/wp\/v2\/media?parent=335"}],"curies":[{"name":"wp","href":"https:\/\/api.w.org\/{rel}","templated":true}]}}