{"id":331,"date":"2024-12-10T06:49:43","date_gmt":"2024-12-10T10:49:43","guid":{"rendered":"https:\/\/w3.cndc.bo\/?page_id=331"},"modified":"2025-07-03T14:39:39","modified_gmt":"2025-07-03T18:39:39","slug":"presentacion","status":"publish","type":"page","link":"https:\/\/w3.cndc.bo\/index.php\/presentacion\/","title":{"rendered":"Presentaci\u00f3n"},"content":{"rendered":"<p>[et_pb_section fb_built=\u00bb1&#8243; admin_label=\u00bbHeader\u00bb _builder_version=\u00bb4.20.0&#8243; _module_preset=\u00bbdefault\u00bb collapsed=\u00bbon\u00bb global_colors_info=\u00bb{}\u00bb][et_pb_row _builder_version=\u00bb4.27.4&#8243; _module_preset=\u00bbdefault\u00bb border_color_all=\u00bb#00bfff\u00bb border_width_left=\u00bb15px\u00bb border_color_left=\u00bb#0C71C3&#8243; global_colors_info=\u00bb{}\u00bb][et_pb_column type=\u00bb4_4&#8243; _builder_version=\u00bb4.20.0&#8243; _module_preset=\u00bbdefault\u00bb global_colors_info=\u00bb{}\u00bb][et_pb_text _builder_version=\u00bb4.27.4&#8243; _module_preset=\u00bbd0f65e86-ae69-4d33-bfd0-6f3392592cd4&#8243; custom_margin=\u00bb10px||10px|25px|true|false\u00bb global_colors_info=\u00bb{}\u00bb]<\/p>\n<h2><span class=\"subtitulo_azul14px\">PRESENTACI\u00d3N<\/span><\/h2>\n<p>[\/et_pb_text][et_pb_text _builder_version=\u00bb4.27.4&#8243; _module_preset=\u00bbb8c7b549-06cd-42b7-b36e-74a4349b44ba\u00bb custom_margin=\u00bb10px||10px|25px|true|false\u00bb global_colors_info=\u00bb{}\u00bb]<\/p>\n<p style=\"text-align: justify;\">El Comit\u00e9 Nacional de Despacho de Carga (CNDC) desde 1996 es la entidad responsable de operar el Sistema Interconectado Nacional (SIN), administrar el Mercado El\u00e9ctrico Mayorista (MEM) y participar en la planificaci\u00f3n de la expansi\u00f3n del SIN, siguiendo las directrices del Ministerio de Hidrocarburos y Energ\u00edas.<\/p>\n<p style=\"text-align: justify;\">El Comit\u00e9 Nacional de Despacho de Carga es una persona jur\u00eddica p\u00fablica no estatal sin fines de lucro, cuya creaci\u00f3n, organizaci\u00f3n y funciones, se hallan enunciadas en el Art\u00edculo 18 y 19 de la Ley de Electricidad N\u00b01604 del 21\/12\/1994, el Art\u00edculo 3 del DS N\u00b026093 Reglamento de Operaci\u00f3n del Mercado El\u00e9ctrico del 02\/03\/2001 y DS N\u00b0 29624 Reglamento de Funciones y Organizaci\u00f3n del CNDC del 02\/07\/2008.<\/p>\n<p style=\"text-align: justify;\">El Comit\u00e9 Nacional de Despacho de Carga forma parte del Sector El\u00e9ctrico Boliviano referido en el DS N\u00b029894 Estructura Organizativa del Poder Ejecutivo del 25\/01\/2009 y modificado por los DS N\u00b0071 del 09\/04\/2009, DS N\u00b03058 del 24\/01\/2017, DS N\u00b03070 del 01\/02\/2017, DS N\u00b04393 del 13\/11\/2020, DS N\u00b04857 06\/01\/2023.<\/p>\n<p>[\/et_pb_text][\/et_pb_column][\/et_pb_row][\/et_pb_section][et_pb_section fb_built=\u00bb1&#8243; admin_label=\u00bbFeature\u00bb _builder_version=\u00bb4.27.4&#8243; _module_preset=\u00bbdefault\u00bb custom_padding=\u00bb0px||0px||true|false\u00bb box_shadow_style=\u00bbpreset1&#8243; locked=\u00bboff\u00bb collapsed=\u00bbon\u00bb global_colors_info=\u00bb{}\u00bb][et_pb_row column_structure=\u00bb1_2,1_2&#8243; use_custom_gutter=\u00bbon\u00bb gutter_width=\u00bb1&#8243; make_equal=\u00bbon\u00bb _builder_version=\u00bb4.27.4&#8243; _module_preset=\u00bbdefault\u00bb width=\u00bb100%\u00bb max_width=\u00bbnone\u00bb min_height=\u00bb1000px\u00bb custom_padding=\u00bb0px||0px||true|false\u00bb global_colors_info=\u00bb{}\u00bb][et_pb_column type=\u00bb1_2&#8243; _builder_version=\u00bb4.27.4&#8243; _module_preset=\u00bbdefault\u00bb background_image=\u00bbhttps:\/\/w3.cndc.bo\/wp-content\/uploads\/2024\/12\/5939517_3084542-scaled.jpg\u00bb custom_padding=\u00bb10vw|10vw|10vw|10vw|true|true\u00bb box_shadow_style=\u00bbpreset4&#8243; box_shadow_horizontal=\u00bb0px\u00bb box_shadow_vertical=\u00bb0px\u00bb box_shadow_spread=\u00bb6vw\u00bb box_shadow_color=\u00bb#FFFFFF\u00bb box_shadow_position=\u00bbinner\u00bb global_colors_info=\u00bb{}\u00bb][et_pb_image src=\u00bbhttps:\/\/w3.cndc.bo\/wp-content\/uploads\/2025\/05\/cndc_fachada.jpg\u00bb title_text=\u00bb1 frontis\u00bb align=\u00bbcenter\u00bb _builder_version=\u00bb4.27.4&#8243; _module_preset=\u00bbdefault\u00bb border_radii=\u00bbon|5px|5px|5px|5px\u00bb border_width_all=\u00bb10px\u00bb border_color_all=\u00bb#FFFFFF\u00bb global_colors_info=\u00bb{}\u00bb][\/et_pb_image][et_pb_image src=\u00bbhttps:\/\/w3.cndc.bo\/wp-content\/uploads\/2025\/05\/cocha.jpg\u00bb title_text=\u00bbcrissto\u00bb align=\u00bbcenter\u00bb _builder_version=\u00bb4.27.4&#8243; _module_preset=\u00bbdefault\u00bb custom_margin=\u00bb50px||||false|false\u00bb border_radii=\u00bbon|5px|5px|5px|5px\u00bb border_width_all=\u00bb10px\u00bb border_color_all=\u00bb#FFFFFF\u00bb global_colors_info=\u00bb{}\u00bb][\/et_pb_image][\/et_pb_column][et_pb_column type=\u00bb1_2&#8243; _builder_version=\u00bb4.20.0&#8243; _module_preset=\u00bbdefault\u00bb background_color=\u00bbgcid-86da69f8-ce43-4c42-8395-4abd58818e72&#8243; custom_padding=\u00bb16vw|8vw|16vw|8vw|true|true\u00bb global_colors_info=\u00bb{%22gcid-86da69f8-ce43-4c42-8395-4abd58818e72%22:%91%22background_color%22%93}\u00bb][et_pb_text _builder_version=\u00bb4.27.4&#8243; _module_preset=\u00bb3dcfb263-9f29-447b-89d1-6b2adf8f3212&#8243; text_text_color=\u00bb#FFFFFF\u00bb custom_margin=\u00bb||30px||false|false\u00bb hover_enabled=\u00bb0&#8243; global_colors_info=\u00bb{}\u00bb sticky_enabled=\u00bb0&#8243;]<\/p>\n<h5><span style=\"color: #ffffff;\">Las principales actividades del CNDC\u00a0 son las siguientes:<\/span><\/h5>\n<p>[\/et_pb_text][et_pb_text _builder_version=\u00bb4.27.4&#8243; _module_preset=\u00bbb8c7b549-06cd-42b7-b36e-74a4349b44ba\u00bb global_colors_info=\u00bb{}\u00bb]<\/p>\n<div class=\"parrafos_info\">\n<ul style=\"line-height: 2.0;\">\n<li style=\"text-align: justify; color: #ffffff;\"><span style=\"color: #ffffff;\">Participar en la planificaci\u00f3n de la expansi\u00f3n del SIN.<\/span><\/li>\n<li style=\"text-align: justify; color: #ffffff;\"><span style=\"color: #ffffff;\">Planificar la operaci\u00f3n integrada del Sistema Interconectado Nacional, con el objetivo de satisfacer la demanda mediante una operaci\u00f3n segura, confiable y de costo m\u00ednimo.<\/span><\/li>\n<li style=\"text-align: justify; color: #ffffff;\"><span style=\"color: #ffffff;\">Supervisar y coordinar, en tiempo real, la operaci\u00f3n de las instalaciones de generaci\u00f3n y transmisi\u00f3n del Sistema Interconectado Nacional, priorizando la seguridad del suministro.<\/span><\/li>\n<li style=\"text-align: justify; color: #ffffff;\"><span style=\"color: #ffffff;\">Realizar el Despacho de Carga a costo m\u00ednimo.<\/span><\/li>\n<li style=\"text-align: justify; color: #ffffff;\"><span style=\"color: #ffffff;\">Calcular los precios de Nodo.<\/span><\/li>\n<li style=\"text-align: justify; color: #ffffff;\"><span style=\"color: #ffffff;\">Establecer el balance valorado del movimiento de electricidad que resulte de la operaci\u00f3n integrada.<\/span><\/li>\n<li style=\"text-align: justify; color: #ffffff;\"><span style=\"color: #ffffff;\">Administrar el funcionamiento del Mercado El\u00e9ctrico Mayorista.<\/span><\/li>\n<\/ul>\n<\/div>\n<p>[\/et_pb_text][\/et_pb_column][\/et_pb_row][\/et_pb_section]<\/p>\n","protected":false},"excerpt":{"rendered":"<p>PRESENTACI\u00d3NEl Comit\u00e9 Nacional de Despacho de Carga (CNDC) desde 1996 es la entidad responsable de operar el Sistema Interconectado Nacional (SIN), administrar el Mercado El\u00e9ctrico Mayorista (MEM) y participar en la planificaci\u00f3n de la expansi\u00f3n del SIN, siguiendo las directrices del Ministerio de Hidrocarburos y Energ\u00edas. El Comit\u00e9 Nacional de Despacho de Carga es una [&hellip;]<\/p>\n","protected":false},"author":1,"featured_media":0,"parent":0,"menu_order":0,"comment_status":"closed","ping_status":"closed","template":"","meta":{"_et_pb_use_builder":"on","_et_pb_old_content":"","_et_gb_content_width":"","footnotes":""},"class_list":["post-331","page","type-page","status-publish","hentry"],"_links":{"self":[{"href":"https:\/\/w3.cndc.bo\/index.php\/wp-json\/wp\/v2\/pages\/331","targetHints":{"allow":["GET"]}}],"collection":[{"href":"https:\/\/w3.cndc.bo\/index.php\/wp-json\/wp\/v2\/pages"}],"about":[{"href":"https:\/\/w3.cndc.bo\/index.php\/wp-json\/wp\/v2\/types\/page"}],"author":[{"embeddable":true,"href":"https:\/\/w3.cndc.bo\/index.php\/wp-json\/wp\/v2\/users\/1"}],"replies":[{"embeddable":true,"href":"https:\/\/w3.cndc.bo\/index.php\/wp-json\/wp\/v2\/comments?post=331"}],"version-history":[{"count":17,"href":"https:\/\/w3.cndc.bo\/index.php\/wp-json\/wp\/v2\/pages\/331\/revisions"}],"predecessor-version":[{"id":3927,"href":"https:\/\/w3.cndc.bo\/index.php\/wp-json\/wp\/v2\/pages\/331\/revisions\/3927"}],"wp:attachment":[{"href":"https:\/\/w3.cndc.bo\/index.php\/wp-json\/wp\/v2\/media?parent=331"}],"curies":[{"name":"wp","href":"https:\/\/api.w.org\/{rel}","templated":true}]}}