{"id":2331,"date":"2025-05-01T21:29:56","date_gmt":"2025-05-02T01:29:56","guid":{"rendered":"https:\/\/w3.cndc.bo\/?page_id=2331"},"modified":"2026-02-05T15:41:17","modified_gmt":"2026-02-05T19:41:17","slug":"politica-de-la-seguridad-y-salud-en-el-trabajo","status":"publish","type":"page","link":"https:\/\/w3.cndc.bo\/index.php\/politica-de-la-seguridad-y-salud-en-el-trabajo\/","title":{"rendered":"Pol\u00edtica de la Seguridad y Salud en el Trabajo"},"content":{"rendered":"<p>[et_pb_section fb_built=\u00bb1&#8243; admin_label=\u00bbHeader\u00bb _builder_version=\u00bb4.20.0&#8243; _module_preset=\u00bbdefault\u00bb collapsed=\u00bbon\u00bb global_colors_info=\u00bb{}\u00bb][et_pb_row _builder_version=\u00bb4.27.4&#8243; _module_preset=\u00bbdefault\u00bb custom_margin=\u00bb10px||10px||true|false\u00bb border_color_all=\u00bb#00bfff\u00bb border_width_left=\u00bb15px\u00bb border_color_left=\u00bb#0C71C3&#8243; global_colors_info=\u00bb{}\u00bb][et_pb_column type=\u00bb4_4&#8243; _builder_version=\u00bb4.20.0&#8243; _module_preset=\u00bbdefault\u00bb global_colors_info=\u00bb{}\u00bb][et_pb_text _builder_version=\u00bb4.27.4&#8243; _module_preset=\u00bbd0f65e86-ae69-4d33-bfd0-6f3392592cd4&#8243; custom_margin=\u00bb10px||10px|25px|true|false\u00bb hover_enabled=\u00bb0&#8243; global_colors_info=\u00bb{}\u00bb sticky_enabled=\u00bb0&#8243;]<\/p>\n<h2>SISTEMA DE GESTI\u00d3N DE LA SEGURIDAD Y SALUD EN EL TRABAJO ISO 45001<\/h2>\n<p>[\/et_pb_text][et_pb_text _builder_version=\u00bb4.27.4&#8243; _module_preset=\u00bb691c4af0-7096-4f32-89a2-9b4d3a224a96&#8243; custom_margin=\u00bb10px||10px|25px|true|false\u00bb global_colors_info=\u00bb{}\u00bb]<\/p>\n<p>Como muestra de un firme compromiso con la seguridad y la salud de su personal y el cumplimiento eficiente de los requisitos legales bolivianos en esta materia, el CNDC ha implementado un Sistema de Gesti\u00f3n de la Seguridad y Salud en el Trabajo bajo el est\u00e1ndar internacional ISO 45001, mismo que se encuentra certificado desde septiembre del 2023.<\/p>\n<p>POLITICA DE LA SEGURIDAD Y SALUD EN EL TRABAJO<br \/>\u201cPromover condiciones de trabajo seguras y saludables a sus colaboradores, en la prevenci\u00f3n de lesiones deterioro de la salud, cumpliendo el marco legal, eliminando los peligros, reduciendo los riesgos; con un enfoque de mejora continua, con la participaci\u00f3n y consulta a trav\u00e9s del Comit\u00e9 Mixto\u201d.<\/p>\n<p>OBJETIVOS DE LA SEGURIDAD Y SALUD EN EL TRABAJO<br \/>\uf076 Realizar el diagn\u00f3stico de las condiciones de trabajo, para identificar los peligros, evaluar y valorar los riesgos y determinar los controles adecuados para evitar accidentes y enfermedades laborales.<br \/>\uf076 Dar cumplimiento a la Legislaci\u00f3n y Normatividad en materia de Seguridad y Salud en el Trabajo, como requisito para el buen funcionamiento de toda la organizaci\u00f3n.<br \/>\uf076 Dise\u00f1ar e implementar procedimientos, planes, programas y documentos necesarios para controlar los peligros, identificar y cumplir los requisitos legales aplicables y dem\u00e1s requisitos ISO 45001:2018 y otros que la organizaci\u00f3n suscriba.<\/p>\n<ul><\/ul>\n<p>[\/et_pb_text][\/et_pb_column][\/et_pb_row][et_pb_row column_structure=\u00bb1_2,1_2&#8243; use_custom_gutter=\u00bbon\u00bb gutter_width=\u00bb1&#8243; make_equal=\u00bbon\u00bb _builder_version=\u00bb4.27.4&#8243; _module_preset=\u00bbdefault\u00bb width=\u00bb100%\u00bb max_width=\u00bbnone\u00bb min_height=\u00bb800px\u00bb custom_margin=\u00bb15px||||false|false\u00bb custom_padding=\u00bb0px||0px||true|false\u00bb locked=\u00bboff\u00bb global_colors_info=\u00bb{}\u00bb][et_pb_column type=\u00bb1_2&#8243; _builder_version=\u00bb4.20.0&#8243; _module_preset=\u00bbdefault\u00bb background_color=\u00bbgcid-86da69f8-ce43-4c42-8395-4abd58818e72&#8243; custom_padding=\u00bb16vw|8vw|16vw|8vw|true|true\u00bb global_colors_info=\u00bb{%22gcid-86da69f8-ce43-4c42-8395-4abd58818e72%22:%91%22background_color%22%93}\u00bb][et_pb_text _builder_version=\u00bb4.27.4&#8243; _module_preset=\u00bb723ecffa-ccf5-45f4-ae60-47f784471402&#8243; custom_margin=\u00bb||30px||false|false\u00bb global_colors_info=\u00bb{}\u00bb]<\/p>\n<h2><span style=\"color: #ffffff;\"><span class=\"subtitulo_azul\">CERTIFICADO DE SISTEMA DE GESTI\u00d3N DE LA SEGURIDAD Y SALUD EN EL TRABAJO ISO 45001<\/span><\/span><\/h2>\n<p>[\/et_pb_text][et_pb_text _builder_version=\u00bb4.27.4&#8243; _module_preset=\u00bb2135c67c-9b89-4486-9345-14a156ac6bec\u00bb global_colors_info=\u00bb{}\u00bb]<\/p>\n<p style=\"text-align: justify;\"><span><span style=\"color: #ffffff;\">Como muestra de un firme compromiso con la seguridad y la salud de su personal y el cumplimiento eficiente de los requisitos legales bolivianos en esta materia, el CNDC ha implementado un Sistema de Gesti\u00f3n de la Seguridad y Salud en el Trabajo bajo el est\u00e1ndar internacional ISO 45001, mismo que se encuentra certificado desde septiembre del 2023.<\/span> <\/span><\/p>\n<p>[\/et_pb_text][\/et_pb_column][et_pb_column type=\u00bb1_2&#8243; _builder_version=\u00bb4.27.4&#8243; _module_preset=\u00bbdefault\u00bb background_image=\u00bbhttps:\/\/w3.cndc.bo\/wp-content\/uploads\/2025\/04\/2148241234.jpg\u00bb custom_padding=\u00bb10vw|10vw|10vw|10vw|true|true\u00bb box_shadow_style=\u00bbpreset4&#8243; box_shadow_horizontal=\u00bb0px\u00bb box_shadow_vertical=\u00bb0px\u00bb box_shadow_spread=\u00bb6vw\u00bb box_shadow_color=\u00bb#FFFFFF\u00bb box_shadow_position=\u00bbinner\u00bb global_colors_info=\u00bb{}\u00bb][et_pb_image src=\u00bbhttps:\/\/w3.cndc.bo\/wp-content\/uploads\/2026\/02\/WhatsApp-Image-2026-02-05-at-3.23.34-PM.jpeg\u00bb title_text=\u00bbWhatsApp Image 2026-02-05 at 3.23.34 PM\u00bb align=\u00bbcenter\u00bb _builder_version=\u00bb4.27.4&#8243; _module_preset=\u00bbdefault\u00bb custom_margin=\u00bb50px||||false|false\u00bb hover_enabled=\u00bb0&#8243; border_radii=\u00bbon|5px|5px|5px|5px\u00bb border_width_all=\u00bb10px\u00bb border_color_all=\u00bb#FFFFFF\u00bb global_colors_info=\u00bb{}\u00bb sticky_enabled=\u00bb0&#8243;][\/et_pb_image][\/et_pb_column][\/et_pb_row][\/et_pb_section]<\/p>\n","protected":false},"excerpt":{"rendered":"<p>SISTEMA DE GESTI\u00d3N DE LA SEGURIDAD Y SALUD EN EL TRABAJO ISO 45001Como muestra de un firme compromiso con la seguridad y la salud de su personal y el cumplimiento eficiente de los requisitos legales bolivianos en esta materia, el CNDC ha implementado un Sistema de Gesti\u00f3n de la Seguridad y Salud en el Trabajo [&hellip;]<\/p>\n","protected":false},"author":1,"featured_media":0,"parent":0,"menu_order":0,"comment_status":"closed","ping_status":"closed","template":"","meta":{"_et_pb_use_builder":"on","_et_pb_old_content":"","_et_gb_content_width":"","footnotes":""},"class_list":["post-2331","page","type-page","status-publish","hentry"],"_links":{"self":[{"href":"https:\/\/w3.cndc.bo\/index.php\/wp-json\/wp\/v2\/pages\/2331","targetHints":{"allow":["GET"]}}],"collection":[{"href":"https:\/\/w3.cndc.bo\/index.php\/wp-json\/wp\/v2\/pages"}],"about":[{"href":"https:\/\/w3.cndc.bo\/index.php\/wp-json\/wp\/v2\/types\/page"}],"author":[{"embeddable":true,"href":"https:\/\/w3.cndc.bo\/index.php\/wp-json\/wp\/v2\/users\/1"}],"replies":[{"embeddable":true,"href":"https:\/\/w3.cndc.bo\/index.php\/wp-json\/wp\/v2\/comments?post=2331"}],"version-history":[{"count":10,"href":"https:\/\/w3.cndc.bo\/index.php\/wp-json\/wp\/v2\/pages\/2331\/revisions"}],"predecessor-version":[{"id":6273,"href":"https:\/\/w3.cndc.bo\/index.php\/wp-json\/wp\/v2\/pages\/2331\/revisions\/6273"}],"wp:attachment":[{"href":"https:\/\/w3.cndc.bo\/index.php\/wp-json\/wp\/v2\/media?parent=2331"}],"curies":[{"name":"wp","href":"https:\/\/api.w.org\/{rel}","templated":true}]}}