{"id":2021,"date":"2025-04-22T11:33:55","date_gmt":"2025-04-22T15:33:55","guid":{"rendered":"https:\/\/w3.cndc.bo\/?page_id=2021"},"modified":"2026-02-05T15:29:25","modified_gmt":"2026-02-05T19:29:25","slug":"sistema-de-gestion-de-calidad","status":"publish","type":"page","link":"https:\/\/w3.cndc.bo\/index.php\/sistema-de-gestion-de-calidad\/","title":{"rendered":"Sistema de Gesti\u00f3n de Calidad"},"content":{"rendered":"<p>[et_pb_section fb_built=\u00bb1&#8243; admin_label=\u00bbHeader\u00bb _builder_version=\u00bb4.20.0&#8243; _module_preset=\u00bbdefault\u00bb collapsed=\u00bbon\u00bb global_colors_info=\u00bb{}\u00bb][et_pb_row _builder_version=\u00bb4.27.4&#8243; _module_preset=\u00bbdefault\u00bb border_color_all=\u00bb#00bfff\u00bb border_width_left=\u00bb15px\u00bb border_color_left=\u00bb#0C71C3&#8243; global_colors_info=\u00bb{}\u00bb][et_pb_column type=\u00bb4_4&#8243; _builder_version=\u00bb4.20.0&#8243; _module_preset=\u00bbdefault\u00bb global_colors_info=\u00bb{}\u00bb][et_pb_text _builder_version=\u00bb4.27.4&#8243; _module_preset=\u00bbd0f65e86-ae69-4d33-bfd0-6f3392592cd4&#8243; custom_margin=\u00bb|||25px|false|false\u00bb hover_enabled=\u00bb0&#8243; global_colors_info=\u00bb{}\u00bb sticky_enabled=\u00bb0&#8243;]<\/p>\n<h2><span class=\"subtitulo_azul14px\">SISTEMA DE GESTI\u00d3N DE CALIDAD ISO 9001<\/span><\/h2>\n<p>[\/et_pb_text][et_pb_text _builder_version=\u00bb4.27.4&#8243; _module_preset=\u00bb2135c67c-9b89-4486-9345-14a156ac6bec\u00bb custom_margin=\u00bb10px||10px|25px|true|false\u00bb global_colors_info=\u00bb{}\u00bb]<\/p>\n<p>Desde diciembre del 2004, el CNDC tiene implementado y certificado su Sistema de Gesti\u00f3n de la Calidad conforme al est\u00e1ndar internacional ISO 9001. Este logro reafirma el compromiso con la excelencia y la mejora continua en la calidad del servicio que presta al Sector El\u00e9ctrico Boliviano.<\/p>\n<p>POL\u00cdTICA DE LA CALIDAD<br \/>Brindar un servicio eficiente y de mejora continua, en la Operaci\u00f3n del SIN, Administraci\u00f3n del MEM, Planificaci\u00f3n de la Expansi\u00f3n del SIN y exportaci\u00f3n de excedentes; cumpliendo requisitos de seguridad, confiabilidad y costo m\u00ednimo.<\/p>\n<p>OBJETIVOS DE LA CALIDAD<br \/>\uf076 Ejecutar de manera eficiente la operaci\u00f3n del SIN, administraci\u00f3n del MEM y la participaci\u00f3n en la Planificaci\u00f3n de la expansi\u00f3n del SIN.<br \/>\uf076 Potenciar los recursos humanos, tecnol\u00f3gicos y procedimentales para la ejecuci\u00f3n eficiente de las funciones del CNDC.<br \/>\uf076 Fortalecimiento a trav\u00e9s de la mejora continua de los procesos integrados al SGC.<\/p>\n<ul><\/ul>\n<p>[\/et_pb_text][\/et_pb_column][\/et_pb_row][\/et_pb_section][et_pb_section fb_built=\u00bb1&#8243; admin_label=\u00bbFeature\u00bb _builder_version=\u00bb4.27.4&#8243; _module_preset=\u00bbdefault\u00bb custom_padding=\u00bb0px||0px||true|false\u00bb box_shadow_style=\u00bbpreset1&#8243; locked=\u00bboff\u00bb collapsed=\u00bbon\u00bb global_colors_info=\u00bb{}\u00bb][et_pb_row column_structure=\u00bb1_2,1_2&#8243; use_custom_gutter=\u00bbon\u00bb gutter_width=\u00bb1&#8243; make_equal=\u00bbon\u00bb _builder_version=\u00bb4.27.4&#8243; _module_preset=\u00bbdefault\u00bb width=\u00bb100%\u00bb max_width=\u00bbnone\u00bb min_height=\u00bb800px\u00bb custom_padding=\u00bb0px||0px||true|false\u00bb hover_enabled=\u00bb0&#8243; global_colors_info=\u00bb{}\u00bb sticky_enabled=\u00bb0&#8243;][et_pb_column type=\u00bb1_2&#8243; _builder_version=\u00bb4.20.0&#8243; _module_preset=\u00bbdefault\u00bb background_color=\u00bbgcid-86da69f8-ce43-4c42-8395-4abd58818e72&#8243; custom_padding=\u00bb16vw|8vw|16vw|8vw|true|true\u00bb global_colors_info=\u00bb{%22gcid-86da69f8-ce43-4c42-8395-4abd58818e72%22:%91%22background_color%22%93}\u00bb][et_pb_text _builder_version=\u00bb4.27.4&#8243; _module_preset=\u00bb723ecffa-ccf5-45f4-ae60-47f784471402&#8243; custom_margin=\u00bb||30px||false|false\u00bb global_colors_info=\u00bb{}\u00bb]<\/p>\n<h2><span style=\"color: #ffffff;\"><span class=\"subtitulo_azul\">CERTIFICADO DE SISTEMA DE GESTI\u00d3N DE LA CALIDAD<\/span><\/span><\/h2>\n<p>[\/et_pb_text][et_pb_text _builder_version=\u00bb4.27.4&#8243; _module_preset=\u00bb2135c67c-9b89-4486-9345-14a156ac6bec\u00bb global_colors_info=\u00bb{}\u00bb]<\/p>\n<p style=\"text-align: justify;\"><span style=\"color: #ffffff;\">Desde diciembre del 2004, el CNDC tiene implementado y certificado su Sistema de Gesti\u00f3n de la Calidad conforme al est\u00e1ndar internacional ISO 9001. Este logro reafirma el compromiso con la excelencia y la mejora continua en la calidad del servicio que presta al Sector El\u00e9ctrico Boliviano.<\/span><\/p>\n<p>[\/et_pb_text][\/et_pb_column][et_pb_column type=\u00bb1_2&#8243; _builder_version=\u00bb4.27.4&#8243; _module_preset=\u00bbdefault\u00bb background_image=\u00bbhttps:\/\/w3.cndc.bo\/wp-content\/uploads\/2025\/04\/2148241234.jpg\u00bb custom_padding=\u00bb10vw|10vw|10vw|10vw|true|true\u00bb box_shadow_style=\u00bbpreset4&#8243; box_shadow_horizontal=\u00bb0px\u00bb box_shadow_vertical=\u00bb0px\u00bb box_shadow_spread=\u00bb6vw\u00bb box_shadow_color=\u00bb#FFFFFF\u00bb box_shadow_position=\u00bbinner\u00bb global_colors_info=\u00bb{}\u00bb][et_pb_image src=\u00bbhttps:\/\/w3.cndc.bo\/wp-content\/uploads\/2026\/02\/CERTIFICADO_CNDC_ISO9001F-pdf.jpg\u00bb title_text=\u00bbCERTIFICADO_CNDC_ISO9001F\u00bb align=\u00bbcenter\u00bb _builder_version=\u00bb4.27.4&#8243; _module_preset=\u00bbdefault\u00bb custom_margin=\u00bb50px||||false|false\u00bb hover_enabled=\u00bb0&#8243; border_radii=\u00bbon|5px|5px|5px|5px\u00bb border_width_all=\u00bb10px\u00bb border_color_all=\u00bb#FFFFFF\u00bb global_colors_info=\u00bb{}\u00bb sticky_enabled=\u00bb0&#8243;][\/et_pb_image][\/et_pb_column][\/et_pb_row][\/et_pb_section]<\/p>\n","protected":false},"excerpt":{"rendered":"<p>SISTEMA DE GESTI\u00d3N DE CALIDAD ISO 9001Desde diciembre del 2004, el CNDC tiene implementado y certificado su Sistema de Gesti\u00f3n de la Calidad conforme al est\u00e1ndar internacional ISO 9001. Este logro reafirma el compromiso con la excelencia y la mejora continua en la calidad del servicio que presta al Sector El\u00e9ctrico Boliviano. POL\u00cdTICA DE LA [&hellip;]<\/p>\n","protected":false},"author":1,"featured_media":0,"parent":0,"menu_order":0,"comment_status":"closed","ping_status":"closed","template":"","meta":{"_et_pb_use_builder":"on","_et_pb_old_content":"","_et_gb_content_width":"","footnotes":""},"class_list":["post-2021","page","type-page","status-publish","hentry"],"_links":{"self":[{"href":"https:\/\/w3.cndc.bo\/index.php\/wp-json\/wp\/v2\/pages\/2021","targetHints":{"allow":["GET"]}}],"collection":[{"href":"https:\/\/w3.cndc.bo\/index.php\/wp-json\/wp\/v2\/pages"}],"about":[{"href":"https:\/\/w3.cndc.bo\/index.php\/wp-json\/wp\/v2\/types\/page"}],"author":[{"embeddable":true,"href":"https:\/\/w3.cndc.bo\/index.php\/wp-json\/wp\/v2\/users\/1"}],"replies":[{"embeddable":true,"href":"https:\/\/w3.cndc.bo\/index.php\/wp-json\/wp\/v2\/comments?post=2021"}],"version-history":[{"count":11,"href":"https:\/\/w3.cndc.bo\/index.php\/wp-json\/wp\/v2\/pages\/2021\/revisions"}],"predecessor-version":[{"id":6268,"href":"https:\/\/w3.cndc.bo\/index.php\/wp-json\/wp\/v2\/pages\/2021\/revisions\/6268"}],"wp:attachment":[{"href":"https:\/\/w3.cndc.bo\/index.php\/wp-json\/wp\/v2\/media?parent=2021"}],"curies":[{"name":"wp","href":"https:\/\/api.w.org\/{rel}","templated":true}]}}