{"id":2011,"date":"2025-04-22T11:25:52","date_gmt":"2025-04-22T15:25:52","guid":{"rendered":"https:\/\/w3.cndc.bo\/?page_id=2011"},"modified":"2025-05-26T22:43:20","modified_gmt":"2025-05-27T02:43:20","slug":"coordinacion-operativa","status":"publish","type":"page","link":"https:\/\/w3.cndc.bo\/index.php\/coordinacion-operativa\/","title":{"rendered":"Coordinaci\u00f3n Operativa"},"content":{"rendered":"<p>[et_pb_section fb_built=\u00bb1&#8243; admin_label=\u00bbHeader\u00bb _builder_version=\u00bb4.20.0&#8243; _module_preset=\u00bbdefault\u00bb collapsed=\u00bbon\u00bb global_colors_info=\u00bb{}\u00bb][et_pb_row _builder_version=\u00bb4.27.4&#8243; _module_preset=\u00bbdefault\u00bb border_color_all=\u00bb#00bfff\u00bb border_width_left=\u00bb15px\u00bb border_color_left=\u00bb#0C71C3&#8243; global_colors_info=\u00bb{}\u00bb][et_pb_column type=\u00bb4_4&#8243; _builder_version=\u00bb4.20.0&#8243; _module_preset=\u00bbdefault\u00bb global_colors_info=\u00bb{}\u00bb][et_pb_text _builder_version=\u00bb4.27.4&#8243; _module_preset=\u00bbd0f65e86-ae69-4d33-bfd0-6f3392592cd4&#8243; custom_margin=\u00bb|||25px|false|false\u00bb global_colors_info=\u00bb{}\u00bb]<\/p>\n<h2>COORDINACI\u00d3N OPERATIVA<\/h2>\n<p>[\/et_pb_text][et_pb_text _builder_version=\u00bb4.27.4&#8243; _module_preset=\u00bb3c5e7db8-89e3-4b8d-9c86-c2029b009ed2&#8243; custom_margin=\u00bb|||25px|false|false\u00bb hover_enabled=\u00bb0&#8243; global_colors_info=\u00bb{}\u00bb sticky_enabled=\u00bb0&#8243;]<\/p>\n<div class=\"detalle_mapasitio\">\n<p><strong>La Coordinaci\u00f3n Operativa del Comit\u00e9 Nacional de Despacho de Carga, realiza las siguientes funciones b\u00e1sicas: <\/strong><\/p>\n<p><strong>Planificaci\u00f3n de la operaci\u00f3n<\/strong><\/p>\n<p style=\"padding-left: 40px; text-align: justify;\">La planificaci\u00f3n de la operaci\u00f3n se realiza mediante la programaci\u00f3n de mediano plazo (4 a\u00f1os), la programaci\u00f3n estacional (6 meses), la programaci\u00f3n semanal y la programaci\u00f3n diaria o Predespacho.<\/p>\n<p style=\"padding-left: 40px; text-align: justify;\">Todas las programaciones se elaboran con informaci\u00f3n de oferta y demanda de los Agentes del Mercado, con los par\u00e1metros de desempe\u00f1o m\u00ednimo para alcanzar niveles de calidad, confiabilidad y seguridad adoptados, y con criterios de optimizaci\u00f3n econ\u00f3mica.<\/p>\n<p><strong>Supervisi\u00f3n y coordinaci\u00f3n en tiempo real<\/strong><\/p>\n<p style=\"padding-left: 40px; text-align: justify;\">Consiste en el monitoreo permanente de la operaci\u00f3n de las instalaciones de generaci\u00f3n y transmisi\u00f3n que conforman el Sistema Interconectado Nacional y la toma de decisiones para que el abastecimiento de energ\u00eda se realice en condiciones de calidad, confiabilidad y seguridad definidas.<\/p>\n<p><strong>Despacho de Carga<\/strong><\/p>\n<p style=\"padding-left: 40px; text-align: justify;\">Es la asignaci\u00f3n t\u00e9cnica y econ\u00f3micamente \u00f3ptimas de los recursos disponibles de generaci\u00f3n y de transmisi\u00f3n para cubrir la demanda horaria, en condiciones de calidad, confiabilidad y seguridad definidas y a costo m\u00ednimo.<\/p>\n<p><strong>Precios de nodo<\/strong><\/p>\n<p style=\"padding-left: 40px; text-align: justify;\">A trav\u00e9s de un proceso de an\u00e1lisis y c\u00e1lculos, se obtienen los precios de nodo previstos para los siguientes 12 meses; se elaboran sobre la base de la programaci\u00f3n de la operaci\u00f3n de mediano plazo y se presentan a la Autoridad de Fiscalizaci\u00f3n de Electricidad y Tecnolog\u00eda Nuclear para su aprobaci\u00f3n.<\/p>\n<p><strong>Balances valorados<\/strong><\/p>\n<p style=\"padding-left: 40px; text-align: justify;\">Es la asignaci\u00f3n a los diferentes Agentes del Mercado, de los montos de energ\u00eda y potencia transados en el Mercado El\u00e9ctrico Mayorista y valorados a los costos marginales. Se procesan con datos en periodos de 15 minutos registrados en el Sistema de Medici\u00f3n Comercial.<\/p>\n<p><strong>Administraci\u00f3n del Mercado<\/strong><\/p>\n<p style=\"padding-left: 40px; text-align: justify;\">Es el conjunto de actividades relacionadas con el funcionamiento del Mercado El\u00e9ctrico Mayorista, como ser: Aprobaci\u00f3n de conexiones de nuevas instalaciones al Sistema Interconectado, Emisi\u00f3n de Normas Operativas de cumplimiento obligatorio por los Agentes del Mercado, Actualizaci\u00f3n de sistemas de informaci\u00f3n, Estudios energ\u00e9ticos, el\u00e9ctricos y normativos, as\u00ed como otras actividades relacionadas con el Mercado El\u00e9ctrico.<\/p>\n<p><strong>Planificaci\u00f3n de la expansi\u00f3n del SIN<\/strong><\/p>\n<p style=\"padding-left: 40px; text-align: justify;\">Participar en la planificaci\u00f3n de la expansi\u00f3n del SIN, de acuerdo a requerimiento y lineamientos del Ministerio de Hidrocarburos y Energ\u00edas u otras entidades llamadas por Ley.<\/p>\n<\/div>\n<p>[\/et_pb_text][\/et_pb_column][\/et_pb_row][\/et_pb_section]<\/p>\n","protected":false},"excerpt":{"rendered":"<p>COORDINACI\u00d3N OPERATIVA La Coordinaci\u00f3n Operativa del Comit\u00e9 Nacional de Despacho de Carga, realiza las siguientes funciones b\u00e1sicas: Planificaci\u00f3n de la operaci\u00f3n La planificaci\u00f3n de la operaci\u00f3n se realiza mediante la programaci\u00f3n de mediano plazo (4 a\u00f1os), la programaci\u00f3n estacional (6 meses), la programaci\u00f3n semanal y la programaci\u00f3n diaria o Predespacho. Todas las programaciones se elaboran [&hellip;]<\/p>\n","protected":false},"author":1,"featured_media":0,"parent":0,"menu_order":0,"comment_status":"closed","ping_status":"closed","template":"","meta":{"_et_pb_use_builder":"on","_et_pb_old_content":"","_et_gb_content_width":"","footnotes":""},"class_list":["post-2011","page","type-page","status-publish","hentry"],"_links":{"self":[{"href":"https:\/\/w3.cndc.bo\/index.php\/wp-json\/wp\/v2\/pages\/2011","targetHints":{"allow":["GET"]}}],"collection":[{"href":"https:\/\/w3.cndc.bo\/index.php\/wp-json\/wp\/v2\/pages"}],"about":[{"href":"https:\/\/w3.cndc.bo\/index.php\/wp-json\/wp\/v2\/types\/page"}],"author":[{"embeddable":true,"href":"https:\/\/w3.cndc.bo\/index.php\/wp-json\/wp\/v2\/users\/1"}],"replies":[{"embeddable":true,"href":"https:\/\/w3.cndc.bo\/index.php\/wp-json\/wp\/v2\/comments?post=2011"}],"version-history":[{"count":8,"href":"https:\/\/w3.cndc.bo\/index.php\/wp-json\/wp\/v2\/pages\/2011\/revisions"}],"predecessor-version":[{"id":2996,"href":"https:\/\/w3.cndc.bo\/index.php\/wp-json\/wp\/v2\/pages\/2011\/revisions\/2996"}],"wp:attachment":[{"href":"https:\/\/w3.cndc.bo\/index.php\/wp-json\/wp\/v2\/media?parent=2011"}],"curies":[{"name":"wp","href":"https:\/\/api.w.org\/{rel}","templated":true}]}}