{"id":2002,"date":"2025-04-22T11:21:52","date_gmt":"2025-04-22T15:21:52","guid":{"rendered":"https:\/\/w3.cndc.bo\/?page_id=2002"},"modified":"2025-12-10T04:04:07","modified_gmt":"2025-12-10T08:04:07","slug":"organizacion","status":"publish","type":"page","link":"https:\/\/w3.cndc.bo\/index.php\/organizacion\/","title":{"rendered":"Organizaci\u00f3n"},"content":{"rendered":"<p>[et_pb_section fb_built=\u00bb1&#8243; admin_label=\u00bbHeader\u00bb _builder_version=\u00bb4.20.0&#8243; _module_preset=\u00bbdefault\u00bb collapsed=\u00bbon\u00bb global_colors_info=\u00bb{}\u00bb][et_pb_row _builder_version=\u00bb4.27.4&#8243; _module_preset=\u00bbdefault\u00bb border_color_all=\u00bb#00bfff\u00bb border_width_left=\u00bb15px\u00bb border_color_left=\u00bb#0C71C3&#8243; global_colors_info=\u00bb{}\u00bb][et_pb_column type=\u00bb4_4&#8243; _builder_version=\u00bb4.20.0&#8243; _module_preset=\u00bbdefault\u00bb global_colors_info=\u00bb{}\u00bb][et_pb_text _builder_version=\u00bb4.27.4&#8243; _module_preset=\u00bbd0f65e86-ae69-4d33-bfd0-6f3392592cd4&#8243; custom_margin=\u00bb10px||10px|25px|true|false\u00bb global_colors_info=\u00bb{}\u00bb]<\/p>\n<h2><span class=\"subtitulo_azul14px\">ORGANIZACI\u00d3N <\/span><\/h2>\n<p>[\/et_pb_text][et_pb_text _builder_version=\u00bb4.27.4&#8243; _module_preset=\u00bb8e56c9f6-89d4-401e-98f3-0d306580d1b7&#8243; custom_margin=\u00bb10px||10px|25px|true|false\u00bb global_colors_info=\u00bb{}\u00bb]<\/p>\n<p style=\"text-align: justify;\">El CNDC est\u00e1 organizado en un Comit\u00e9 de Representantes y el \u00d3rgano T\u00e9cnico Administrativo que funciona bajo la responsabilidad ejecutiva del Presidente del CNDC. Mediante Decreto Supremo N\u00ba 29624, se aprueba el Reglamento de Funciones y Organizaci\u00f3n del CNDC, modificado por la disposici\u00f3n Final Segunda del Decreto Supremo N\u00b0 071 y N\u00b0 29894 de 07 de febrero de 2009, que establece que el Presidente del CNDC, es la m\u00e1xima autoridad ejecutiva del CNDC.<\/p>\n<p>[\/et_pb_text][\/et_pb_column][\/et_pb_row][\/et_pb_section][et_pb_section fb_built=\u00bb1&#8243; admin_label=\u00bbFeature\u00bb _builder_version=\u00bb4.27.4&#8243; _module_preset=\u00bbdefault\u00bb custom_padding=\u00bb0px||0px||true|false\u00bb box_shadow_style=\u00bbpreset1&#8243; locked=\u00bboff\u00bb collapsed=\u00bbon\u00bb global_colors_info=\u00bb{}\u00bb][et_pb_row use_custom_gutter=\u00bbon\u00bb gutter_width=\u00bb1&#8243; make_equal=\u00bbon\u00bb _builder_version=\u00bb4.27.4&#8243; _module_preset=\u00bbdefault\u00bb width=\u00bb100%\u00bb max_width=\u00bbnone\u00bb min_height=\u00bb1591.8px\u00bb custom_padding=\u00bb0px||0px||true|false\u00bb global_colors_info=\u00bb{}\u00bb][et_pb_column type=\u00bb4_4&#8243; _builder_version=\u00bb4.27.4&#8243; _module_preset=\u00bbdefault\u00bb background_color=\u00bbgcid-86da69f8-ce43-4c42-8395-4abd58818e72&#8243; custom_padding=\u00bb6vw|8vw|6vw|8vw|true|true\u00bb global_colors_info=\u00bb{%22gcid-86da69f8-ce43-4c42-8395-4abd58818e72%22:%91%22background_color%22%93}\u00bb][et_pb_text _builder_version=\u00bb4.27.4&#8243; _module_preset=\u00bb39edf170-caf2-4912-a618-760d5bfc5357&#8243; custom_margin=\u00bb||30px||false|false\u00bb hover_enabled=\u00bb0&#8243; global_colors_info=\u00bb{}\u00bb sticky_enabled=\u00bb0&#8243;]<\/p>\n<h2><span style=\"color: #ffffff;\"><strong>El Comit\u00e9 de Representantes<\/strong><\/span><\/h2>\n<p>[\/et_pb_text][et_pb_text _builder_version=\u00bb4.27.4&#8243; _module_preset=\u00bb8e56c9f6-89d4-401e-98f3-0d306580d1b7&#8243; global_colors_info=\u00bb{}\u00bb]<\/p>\n<p style=\"text-align: justify;\"><span style=\"color: #ffffff;\">Est\u00e1 compuesto por: <\/span><\/p>\n<p style=\"text-align: justify;\"><span style=\"color: #ffffff;\">El Presidente que es nominado por el Ministerio de Hidrocarburos y Energ\u00edas, un representante de las empresas generadoras, un representante de las empresas transmisoras, un representante de las empresas distribuidoras y un representante de los consumidores no regulados.<\/span><\/p>\n<p style=\"text-align: justify;\"><span style=\"color: #ffffff;\">El Comit\u00e9 de Representantes celebra reuniones peri\u00f3dicas para tratar asuntos relacionados con el funcionamiento del MEM, adoptando decisiones que son obligatorias para los Agentes del MEM, conforme establece el Art\u00edculo 18 del ROME, aprobado mediante Decreto Supremo N\u00ba 26093, de fecha 2 de marzo de 2001.<\/span><\/p>\n<p style=\"text-align: justify;\"><span style=\"color: #ffffff;\">Seg\u00fan el marco legal vigente, el CNDC est\u00e1 conformado por el Comit\u00e9 de Representantes y el \u00d3rgano T\u00e9cnico Administrativo de acuerdo a la siguiente organizaci\u00f3n:<\/span><\/p>\n<p>[\/et_pb_text][et_pb_divider show_divider=\u00bboff\u00bb _builder_version=\u00bb4.27.4&#8243; _module_preset=\u00bbdefault\u00bb custom_margin=\u00bb||30px||false|false\u00bb global_colors_info=\u00bb{}\u00bb][\/et_pb_divider][et_pb_image src=\u00bbhttps:\/\/w3.cndc.bo\/wp-content\/uploads\/2025\/04\/organizacion_2021.png\u00bb title_text=\u00bborganizacion_2021&#8243; align=\u00bbcenter\u00bb _builder_version=\u00bb4.27.4&#8243; _module_preset=\u00bbdefault\u00bb width=\u00bb75%\u00bb module_alignment=\u00bbcenter\u00bb border_radii=\u00bbon|5px|5px|5px|5px\u00bb border_width_all=\u00bb10px\u00bb border_color_all=\u00bb#FFFFFF\u00bb box_shadow_style=\u00bbpreset1&#8243; global_colors_info=\u00bb{}\u00bb][\/et_pb_image][et_pb_divider show_divider=\u00bboff\u00bb _builder_version=\u00bb4.27.4&#8243; _module_preset=\u00bbdefault\u00bb custom_margin=\u00bb||150px||false|false\u00bb global_colors_info=\u00bb{}\u00bb][\/et_pb_divider][et_pb_text _builder_version=\u00bb4.27.4&#8243; _module_preset=\u00bb39edf170-caf2-4912-a618-760d5bfc5357&#8243; custom_margin=\u00bb35px||15px||false|false\u00bb hover_enabled=\u00bb0&#8243; global_colors_info=\u00bb{}\u00bb sticky_enabled=\u00bb0&#8243;]<\/p>\n<h2><span style=\"color: #ffffff;\"><strong>El \u00d3rgano T\u00e9cnico Administrativo del CNDC<\/strong><\/span><\/h2>\n<p>[\/et_pb_text][et_pb_text _builder_version=\u00bb4.27.4&#8243; _module_preset=\u00bb8e56c9f6-89d4-401e-98f3-0d306580d1b7&#8243; global_colors_info=\u00bb{}\u00bb]<\/p>\n<p style=\"text-align: justify;\"><span style=\"color: #ffffff;\">Cuenta con un equipo de profesionales t\u00e9cnicos altamente capacitados con especializaci\u00f3n y experiencia en an\u00e1lisis de sistemas el\u00e9ctricos de potencia, programaci\u00f3n operativa, optimizaci\u00f3n de sistemas hidrot\u00e9rmicos, despacho de carga en tiempo real, planificaci\u00f3n de sistemas el\u00e9ctricos, administraci\u00f3n de sistemas el\u00e9ctricos, sistemas de medici\u00f3n y administraci\u00f3n de transacciones econ\u00f3micas en mercados el\u00e9ctricos; lo cual permite responder a los exigentes desaf\u00edos de desempe\u00f1o durante las 24 horas del d\u00eda y los 365 d\u00edas del a\u00f1o.<\/span><\/p>\n<p>[\/et_pb_text][et_pb_image src=\u00bbhttps:\/\/w3.cndc.bo\/wp-content\/uploads\/2025\/04\/organigrama18-scaled.png\u00bb title_text=\u00bborganigrama18&#8243; align=\u00bbcenter\u00bb _builder_version=\u00bb4.27.4&#8243; _module_preset=\u00bbdefault\u00bb width=\u00bb75%\u00bb custom_margin=\u00bb50px||||false|false\u00bb border_radii=\u00bbon|5px|5px|5px|5px\u00bb border_width_all=\u00bb10px\u00bb border_color_all=\u00bb#FFFFFF\u00bb box_shadow_style=\u00bbpreset1&#8243; global_colors_info=\u00bb{}\u00bb][\/et_pb_image][et_pb_divider show_divider=\u00bboff\u00bb _builder_version=\u00bb4.27.4&#8243; _module_preset=\u00bbdefault\u00bb custom_margin=\u00bb||100px||false|false\u00bb global_colors_info=\u00bb{}\u00bb][\/et_pb_divider][et_pb_text _builder_version=\u00bb4.27.4&#8243; _module_preset=\u00bb39edf170-caf2-4912-a618-760d5bfc5357&#8243; custom_margin=\u00bb35px||15px||false|false\u00bb hover_enabled=\u00bb0&#8243; global_colors_info=\u00bb{}\u00bb sticky_enabled=\u00bb0&#8243;]<\/p>\n<h2><span style=\"color: #ffffff;\"><strong>Estatuto del Comit\u00e9 Nacional de Despacho de Carga<\/strong><\/span><\/h2>\n<p>[\/et_pb_text][et_pb_icon font_icon=\u00bb&#xf1c1;||fa||400&#8243; icon_color=\u00bb#FFFFFF\u00bb icon_width=\u00bb98px\u00bb url=\u00bbhttps:\/\/backend.cndc.bo\/empresa\/estatuto_cndc.pdf\u00bb url_new_window=\u00bbon\u00bb _builder_version=\u00bb4.27.4&#8243; _module_preset=\u00bbdefault\u00bb hover_enabled=\u00bb0&#8243; global_colors_info=\u00bb{}\u00bb icon_color__hover_enabled=\u00bbon|hover\u00bb icon_color__hover=\u00bb#8fc7f5&#8243; sticky_enabled=\u00bb0&#8243;][\/et_pb_icon][et_pb_text _builder_version=\u00bb4.27.4&#8243; _module_preset=\u00bbdefault\u00bb header_text_align=\u00bbcenter\u00bb module_alignment=\u00bbcenter\u00bb global_colors_info=\u00bb{}\u00bb]<\/p>\n<p style=\"text-align: center;\"><span style=\"color: #ffffff;\">Aprobaci\u00f3n Mediante Resoluci\u00f3n No. 246\/2008-3<\/span><br \/><span style=\"color: #ffffff;\">de fecha 18 de diciembre de 2008<\/span><\/p>\n<p>[\/et_pb_text][\/et_pb_column][\/et_pb_row][\/et_pb_section]<\/p>\n","protected":false},"excerpt":{"rendered":"<p>ORGANIZACI\u00d3N El CNDC est\u00e1 organizado en un Comit\u00e9 de Representantes y el \u00d3rgano T\u00e9cnico Administrativo que funciona bajo la responsabilidad ejecutiva del Presidente del CNDC. Mediante Decreto Supremo N\u00ba 29624, se aprueba el Reglamento de Funciones y Organizaci\u00f3n del CNDC, modificado por la disposici\u00f3n Final Segunda del Decreto Supremo N\u00b0 071 y N\u00b0 29894 de [&hellip;]<\/p>\n","protected":false},"author":1,"featured_media":0,"parent":0,"menu_order":0,"comment_status":"closed","ping_status":"closed","template":"","meta":{"_et_pb_use_builder":"on","_et_pb_old_content":"","_et_gb_content_width":"","footnotes":""},"class_list":["post-2002","page","type-page","status-publish","hentry"],"_links":{"self":[{"href":"https:\/\/w3.cndc.bo\/index.php\/wp-json\/wp\/v2\/pages\/2002","targetHints":{"allow":["GET"]}}],"collection":[{"href":"https:\/\/w3.cndc.bo\/index.php\/wp-json\/wp\/v2\/pages"}],"about":[{"href":"https:\/\/w3.cndc.bo\/index.php\/wp-json\/wp\/v2\/types\/page"}],"author":[{"embeddable":true,"href":"https:\/\/w3.cndc.bo\/index.php\/wp-json\/wp\/v2\/users\/1"}],"replies":[{"embeddable":true,"href":"https:\/\/w3.cndc.bo\/index.php\/wp-json\/wp\/v2\/comments?post=2002"}],"version-history":[{"count":14,"href":"https:\/\/w3.cndc.bo\/index.php\/wp-json\/wp\/v2\/pages\/2002\/revisions"}],"predecessor-version":[{"id":5997,"href":"https:\/\/w3.cndc.bo\/index.php\/wp-json\/wp\/v2\/pages\/2002\/revisions\/5997"}],"wp:attachment":[{"href":"https:\/\/w3.cndc.bo\/index.php\/wp-json\/wp\/v2\/media?parent=2002"}],"curies":[{"name":"wp","href":"https:\/\/api.w.org\/{rel}","templated":true}]}}