{"id":1994,"date":"2025-04-22T11:11:50","date_gmt":"2025-04-22T15:11:50","guid":{"rendered":"https:\/\/w3.cndc.bo\/?page_id=1994"},"modified":"2025-05-26T22:38:10","modified_gmt":"2025-05-27T02:38:10","slug":"conformacion-mem","status":"publish","type":"page","link":"https:\/\/w3.cndc.bo\/index.php\/conformacion-mem\/","title":{"rendered":"Conformaci\u00f3n MEM"},"content":{"rendered":"<p>[et_pb_section fb_built=\u00bb1&#8243; admin_label=\u00bbHeader\u00bb _builder_version=\u00bb4.20.0&#8243; _module_preset=\u00bbdefault\u00bb collapsed=\u00bbon\u00bb global_colors_info=\u00bb{}\u00bb][et_pb_row _builder_version=\u00bb4.27.4&#8243; _module_preset=\u00bbdefault\u00bb border_color_all=\u00bb#00bfff\u00bb border_width_left=\u00bb15px\u00bb border_color_left=\u00bb#0C71C3&#8243; global_colors_info=\u00bb{}\u00bb][et_pb_column type=\u00bb4_4&#8243; _builder_version=\u00bb4.20.0&#8243; _module_preset=\u00bbdefault\u00bb global_colors_info=\u00bb{}\u00bb][et_pb_text _builder_version=\u00bb4.27.4&#8243; _module_preset=\u00bbd0f65e86-ae69-4d33-bfd0-6f3392592cd4&#8243; custom_margin=\u00bb10px||10px|25px|true|false\u00bb global_colors_info=\u00bb{}\u00bb]<\/p>\n<h2><span class=\"subtitulo_azul14px\">CONFORMACI\u00d3N DEL MEM<\/span><\/h2>\n<p>[\/et_pb_text][et_pb_text _builder_version=\u00bb4.27.4&#8243; _module_preset=\u00bb7476be6b-5a0a-4c30-93b2-8ce54799274d\u00bb custom_margin=\u00bb10px||10px|25px|true|false\u00bb global_colors_info=\u00bb{}\u00bb]<\/p>\n<p style=\"text-align: justify;\">El Mercado El\u00e9ctrico Mayorista (MEM) esta conformado por Empresas Generadoras, Empresas Transmisoras, Empresas Distribuidoras y Consumidores No Regulados, denominados Agentes del MEM, en el presente, estos Agentes son los siguientes:<\/p>\n<p>[\/et_pb_text][\/et_pb_column][\/et_pb_row][\/et_pb_section][et_pb_section fb_built=\u00bb1&#8243; admin_label=\u00bbFeature\u00bb _builder_version=\u00bb4.27.4&#8243; _module_preset=\u00bbdefault\u00bb custom_padding=\u00bb0px||0px||true|false\u00bb box_shadow_style=\u00bbpreset1&#8243; locked=\u00bboff\u00bb collapsed=\u00bbon\u00bb global_colors_info=\u00bb{}\u00bb][et_pb_row column_structure=\u00bb1_2,1_2&#8243; use_custom_gutter=\u00bbon\u00bb gutter_width=\u00bb1&#8243; make_equal=\u00bbon\u00bb _builder_version=\u00bb4.27.4&#8243; _module_preset=\u00bbdefault\u00bb width=\u00bb100%\u00bb max_width=\u00bbnone\u00bb min_height=\u00bb1704.8px\u00bb custom_padding=\u00bb0px||0px||true|false\u00bb hover_enabled=\u00bb0&#8243; global_colors_info=\u00bb{}\u00bb sticky_enabled=\u00bb0&#8243;][et_pb_column type=\u00bb1_2&#8243; _builder_version=\u00bb4.27.4&#8243; _module_preset=\u00bbdefault\u00bb background_image=\u00bbhttps:\/\/w3.cndc.bo\/wp-content\/uploads\/2025\/04\/3750.jpg\u00bb custom_padding=\u00bb10vw|10vw|10vw|10vw|true|true\u00bb box_shadow_style=\u00bbpreset4&#8243; box_shadow_horizontal=\u00bb0px\u00bb box_shadow_vertical=\u00bb0px\u00bb box_shadow_spread=\u00bb6vw\u00bb box_shadow_color=\u00bb#FFFFFF\u00bb box_shadow_position=\u00bbinner\u00bb global_colors_info=\u00bb{}\u00bb][et_pb_image src=\u00bbhttps:\/\/w3.cndc.bo\/wp-content\/uploads\/2025\/05\/corani.jpg\u00bb title_text=\u00bbcorani\u00bb align=\u00bbcenter\u00bb _builder_version=\u00bb4.27.4&#8243; _module_preset=\u00bbdefault\u00bb border_radii=\u00bbon|5px|5px|5px|5px\u00bb border_width_all=\u00bb10px\u00bb border_color_all=\u00bb#FFFFFF\u00bb global_colors_info=\u00bb{}\u00bb][\/et_pb_image][et_pb_image src=\u00bbhttps:\/\/w3.cndc.bo\/wp-content\/uploads\/2025\/04\/3223-e1745334644288.jpg\u00bb title_text=\u00bb3223&#8243; align=\u00bbcenter\u00bb _builder_version=\u00bb4.27.4&#8243; _module_preset=\u00bbdefault\u00bb custom_margin=\u00bb50px||||false|false\u00bb border_radii=\u00bbon|5px|5px|5px|5px\u00bb border_width_all=\u00bb10px\u00bb border_color_all=\u00bb#FFFFFF\u00bb global_colors_info=\u00bb{}\u00bb][\/et_pb_image][et_pb_image src=\u00bbhttps:\/\/w3.cndc.bo\/wp-content\/uploads\/2025\/04\/2151663019-e1745334691946.jpg\u00bb title_text=\u00bb2151663019&#8243; align=\u00bbcenter\u00bb _builder_version=\u00bb4.27.4&#8243; _module_preset=\u00bbdefault\u00bb custom_margin=\u00bb50px||||false|false\u00bb border_radii=\u00bbon|5px|5px|5px|5px\u00bb border_width_all=\u00bb10px\u00bb border_color_all=\u00bb#FFFFFF\u00bb global_colors_info=\u00bb{}\u00bb][\/et_pb_image][et_pb_image src=\u00bbhttps:\/\/w3.cndc.bo\/wp-content\/uploads\/2025\/05\/paneles-scaled.jpg\u00bb title_text=\u00bbpaneles\u00bb align=\u00bbcenter\u00bb _builder_version=\u00bb4.27.4&#8243; _module_preset=\u00bbdefault\u00bb custom_margin=\u00bb50px||||false|false\u00bb border_radii=\u00bbon|5px|5px|5px|5px\u00bb border_width_all=\u00bb10px\u00bb border_color_all=\u00bb#FFFFFF\u00bb global_colors_info=\u00bb{}\u00bb][\/et_pb_image][\/et_pb_column][et_pb_column type=\u00bb1_2&#8243; _builder_version=\u00bb4.27.4&#8243; _module_preset=\u00bbdefault\u00bb background_color=\u00bbgcid-86da69f8-ce43-4c42-8395-4abd58818e72&#8243; custom_padding=\u00bb10vw|8vw|10vw|8vw|true|true\u00bb hover_enabled=\u00bb0&#8243; global_colors_info=\u00bb{%22gcid-86da69f8-ce43-4c42-8395-4abd58818e72%22:%91%22background_color%22%93}\u00bb sticky_enabled=\u00bb0&#8243;][et_pb_text _builder_version=\u00bb4.27.4&#8243; _module_preset=\u00bb39fb7d82-43a0-4f09-952a-40f0db0a5118&#8243; custom_margin=\u00bb||30px||false|false\u00bb global_colors_info=\u00bb{}\u00bb]<\/p>\n<h2><span style=\"color: #003366;\"><span class=\"subtitulo_azul\"><strong>Empresas de Generaci\u00f3n<\/strong><\/span><\/span><\/h2>\n<p>[\/et_pb_text][et_pb_text _builder_version=\u00bb4.27.4&#8243; _module_preset=\u00bb7476be6b-5a0a-4c30-93b2-8ce54799274d\u00bb custom_margin=\u00bb20px||20px||true|false\u00bb hover_enabled=\u00bb0&#8243; global_colors_info=\u00bb{}\u00bb sticky_enabled=\u00bb0&#8243;]<\/p>\n<div class=\"texto_info\">\n<ul>\n<li style=\"list-style-type: none;\">\n<ul>\n<li style=\"text-align: justify; color: #ffffff; line-height: 2;\"><span style=\"color: #ffffff;\">Compa\u00f1\u00eda Boliviana de Energ\u00eda El\u00e9ctrica S.A. Bolivian Power Company Limited Sucursal Bolivia (COBEE BPCo)<\/span><\/li>\n<li style=\"text-align: justify; color: #ffffff; line-height: 2;\"><span style=\"color: #ffffff;\">Empresa El\u00e9ctrica ENDE GUARACACHI S.A. (ENDE GUARACACHI S.A.)<\/span><\/li>\n<li style=\"text-align: justify; color: #ffffff; line-height: 2;\"><span style=\"color: #ffffff;\">Empresa El\u00e9ctrica ENDE Corani S.A. (ENDE CORANI S.A.)<\/span><\/li>\n<li style=\"text-align: justify; color: #ffffff; line-height: 2;\"><span style=\"color: #ffffff;\">ENDE Valle Hermoso S.A. (ENDE VALLE HERMOSO)<\/span><\/li>\n<li style=\"text-align: justify; color: #ffffff; line-height: 2;\"><span style=\"color: #ffffff;\">Chaco Energias S.A. (CHACO ENERGIAS S.A.)<\/span><\/li>\n<li style=\"text-align: justify; color: #ffffff; line-height: 2;\"><span style=\"color: #ffffff;\">Empresa R\u00edo El\u00e9ctrico S.A. (ERESA)<\/span><\/li>\n<li style=\"text-align: justify; color: #ffffff; line-height: 2;\"><span style=\"color: #ffffff;\">Hidroel\u00e9ctrica Boliviana S.A. (HB)<\/span><\/li>\n<li style=\"text-align: justify; color: #ffffff; line-height: 2;\"><span style=\"color: #ffffff;\">Sociedad Industrial Energ\u00e9tica y Comercial Andina S.A. (SYNERGIA)<\/span><\/li>\n<li style=\"text-align: justify; color: #ffffff; line-height: 2;\"><span style=\"color: #ffffff;\">Servicios de Desarrollo de Bolivia S.A. (SDB)<\/span><\/li>\n<li style=\"text-align: justify; color: #ffffff; line-height: 2;\"><span style=\"color: #ffffff;\">Guabira Energ\u00eda S.A. (GBE)<\/span><\/li>\n<li style=\"text-align: justify; color: #ffffff; line-height: 2;\"><span style=\"color: #ffffff;\">ENDE ANDINA S.A.M. (ENDE ANDINA)<\/span><\/li>\n<li style=\"text-align: justify; color: #ffffff; line-height: 2;\"><span style=\"color: #ffffff;\">Empresa Nacional de Electricidad &#8211; Generaci\u00f3n (ENDE)<\/span><\/li>\n<li style=\"text-align: justify; color: #ffffff; line-height: 2;\"><span style=\"color: #ffffff;\">AGUAI Energ\u00eda S.A. (AGUAI)<\/span><\/li>\n<\/ul>\n<\/li>\n<\/ul>\n<\/div>\n<style>\n    .texto_info ul ul {\n        padding-left: 20px;\n    }<\/p>\n<p>    .texto_info ul ul li::before {\n        content: \"\u2022 \";\n        color: #ffffff;\n    }\n<\/style>\n<p>[\/et_pb_text][et_pb_text _builder_version=\u00bb4.27.4&#8243; _module_preset=\u00bb39fb7d82-43a0-4f09-952a-40f0db0a5118&#8243; custom_margin=\u00bb55px||15px||false|false\u00bb hover_enabled=\u00bb0&#8243; global_colors_info=\u00bb{}\u00bb sticky_enabled=\u00bb0&#8243;]<\/p>\n<h2><span class=\"subtitulo_azul\" style=\"color: #003366;\"><strong>Empresas de Transmisi\u00f3n<\/strong><\/span><\/h2>\n<p>[\/et_pb_text][et_pb_text _builder_version=\u00bb4.27.4&#8243; _module_preset=\u00bb7476be6b-5a0a-4c30-93b2-8ce54799274d\u00bb custom_margin=\u00bb20px||20px||true|false\u00bb hover_enabled=\u00bb0&#8243; global_colors_info=\u00bb{}\u00bb sticky_enabled=\u00bb0&#8243;]<\/p>\n<div class=\"texto_info\">\n<ul>\n<li style=\"list-style-type: none;\">\n<ul>\n<li style=\"text-align: justify; color: #ffffff; line-height: 2;\"><span style=\"color: #ffffff;\">ENDE TRANSMISI\u00d3N S.A. (ENDE Transmisi\u00f3n)<\/span><\/li>\n<li style=\"text-align: justify; color: #ffffff; line-height: 2;\"><span style=\"color: #ffffff;\">Interconexi\u00f3n El\u00e9ctrica ISA Bolivia S.A (ISA BOLIVIA S.A.)<\/span><\/li>\n<li style=\"text-align: justify; color: #ffffff; line-height: 2;\"><span style=\"color: #ffffff;\">San Crist\u00f3bal Transmisora de Electricidad S.A.(San Cristobal TESA) (TESA)<\/span><\/li>\n<li style=\"text-align: justify; color: #ffffff; line-height: 2;\"><span style=\"color: #ffffff;\">Empresa Nacional de Electricidad &#8211; Transmisi\u00f3n (ENDE)<\/span><\/li>\n<\/ul>\n<\/li>\n<\/ul>\n<\/div>\n<style>\n    .texto_info ul ul {\n        padding-left: 20px;\n    }<\/p>\n<p>    .texto_info ul ul li::before {\n        content: \"\u2022 \";\n        color: #ffffff;\n    }\n<\/style>\n<p>[\/et_pb_text][et_pb_text _builder_version=\u00bb4.27.4&#8243; _module_preset=\u00bb39fb7d82-43a0-4f09-952a-40f0db0a5118&#8243; custom_margin=\u00bb55px||15px||false|false\u00bb hover_enabled=\u00bb0&#8243; global_colors_info=\u00bb{}\u00bb sticky_enabled=\u00bb0&#8243;]<\/p>\n<h2><span class=\"subtitulo_azul\" style=\"color: #003366;\"><strong>Empresas de Distribuci\u00f3n<\/strong><\/span><\/h2>\n<p>[\/et_pb_text][et_pb_text _builder_version=\u00bb4.27.4&#8243; _module_preset=\u00bb7476be6b-5a0a-4c30-93b2-8ce54799274d\u00bb custom_margin=\u00bb20px||20px||true|false\u00bb hover_enabled=\u00bb0&#8243; global_colors_info=\u00bb{}\u00bb sticky_enabled=\u00bb0&#8243;]<\/p>\n<div class=\"texto_info\">\n<ul>\n<li style=\"list-style-type: none;\">\n<ul>\n<li style=\"text-align: justify; color: #ffffff; line-height: 2;\"><span style=\"color: #ffffff;\">Cooperativa Rural de Electrificaci\u00f3n R.L. (CRE)<\/span><\/li>\n<li style=\"text-align: justify; color: #ffffff; line-height: 2;\"><span style=\"color: #ffffff;\">Distribuidora de Electricidad La Paz S.A. DELAPAZ (DELAPAZ)<\/span><\/li>\n<li style=\"text-align: justify; color: #ffffff; line-height: 2;\"><span style=\"color: #ffffff;\">Empresa de Luz y Fuerza El\u00e9ctrica Cochabamba S.A. (ELFEC S.A.)<\/span><\/li>\n<li style=\"text-align: justify; color: #ffffff; line-height: 2;\"><span style=\"color: #ffffff;\">Distribuidora de Electricidad ENDE DEORURO S.A. (ENDE DEORURO)<\/span><\/li>\n<li style=\"text-align: justify; color: #ffffff; line-height: 2;\"><span style=\"color: #ffffff;\">Compa\u00f1\u00eda El\u00e9ctrica Sucre S.A. (CESSA)<\/span><\/li>\n<li style=\"text-align: justify; color: #ffffff; line-height: 2;\"><span style=\"color: #ffffff;\">Servicios El\u00e9ctricos Potos\u00ed S.A. (SEPSA)<\/span><\/li>\n<li style=\"text-align: justify; color: #ffffff; line-height: 2;\"><span style=\"color: #ffffff;\">Empresa Nacional de Electricidad &#8211; Distribuci\u00f3n (ENDE)<\/span><\/li>\n<li style=\"text-align: justify; color: #ffffff; line-height: 2;\"><span style=\"color: #ffffff;\">Servicios El\u00e9ctricos Tarija (SETAR)<\/span><\/li>\n<li style=\"text-align: justify; color: #ffffff; line-height: 2;\"><span style=\"color: #ffffff;\">Empresa de Distribuci\u00f3n de Energ\u00eda El\u00e9ctrica Santa Cruz (EMDEECRUZ)<\/span><\/li>\n<li style=\"text-align: justify; color: #ffffff; line-height: 2;\"><span style=\"color: #ffffff;\">Distribuidora de Electricidad Ende DELBENI S.A.M. (ENDE DELBENI S.A.M.)<\/span><\/li>\n<\/ul>\n<\/li>\n<\/ul>\n<\/div>\n<style>\n    .texto_info ul ul {\n        padding-left: 20px;\n    }<\/p>\n<p>    .texto_info ul ul li::before {\n        content: \"\u2022 \";\n        color: #ffffff;\n    }\n<\/style>\n<p>[\/et_pb_text][et_pb_text _builder_version=\u00bb4.27.4&#8243; _module_preset=\u00bb39fb7d82-43a0-4f09-952a-40f0db0a5118&#8243; custom_margin=\u00bb55px||15px||false|false\u00bb hover_enabled=\u00bb0&#8243; global_colors_info=\u00bb{}\u00bb sticky_enabled=\u00bb0&#8243;]<\/p>\n<h2><span class=\"subtitulo_azul\" style=\"color: #003366;\"><strong>Consumidores No Regulados<\/strong><\/span><\/h2>\n<p>[\/et_pb_text][et_pb_text _builder_version=\u00bb4.27.4&#8243; _module_preset=\u00bb7476be6b-5a0a-4c30-93b2-8ce54799274d\u00bb custom_margin=\u00bb20px||20px||true|false\u00bb hover_enabled=\u00bb0&#8243; global_colors_info=\u00bb{}\u00bb sticky_enabled=\u00bb0&#8243;]<\/p>\n<div class=\"texto_info\">\n<ul>\n<li style=\"list-style-type: none;\">\n<ul>\n<li style=\"text-align: justify; color: #ffffff; line-height: 2;\"><span style=\"color: #ffffff;\">Empresa Metal\u00fargica Vinto (EMVINTO)<\/span><\/li>\n<li style=\"text-align: justify; color: #ffffff; line-height: 2;\"><span style=\"color: #ffffff;\">Cooperativa Multiactiva Coboce R.L. (COBOCE R.L.)<\/span><\/li>\n<li style=\"text-align: justify; color: #ffffff; line-height: 2;\"><span style=\"color: #ffffff;\">Minera San Crist\u00f3bal S.A. (EMSC)<\/span><\/li>\n<li style=\"text-align: justify; color: #ffffff; line-height: 2;\"><span style=\"color: #ffffff;\">Yacimientos de Litio Bolivianos (YLB)<\/span><\/li>\n<li style=\"text-align: justify; color: #ffffff; line-height: 2;\"><span style=\"color: #ffffff;\">Import Export Las Lomas Ltda. (LAS LOMAS)<\/span><\/li>\n<li style=\"text-align: justify; color: #ffffff; line-height: 2;\"><span style=\"color: #ffffff;\">Empresa Unipersonal Cer\u00e1mica Guadalquivir (ECG)<\/span><\/li>\n<li style=\"text-align: justify; color: #ffffff; line-height: 2;\"><span style=\"color: #ffffff;\">Empresa de Envases, Papeles y Cartones S.A. (EMPACAR)<\/span><\/li>\n<\/ul>\n<\/li>\n<\/ul>\n<\/div>\n<style>\n    .texto_info ul ul {\n        padding-left: 20px;\n    }<\/p>\n<p>    .texto_info ul ul li::before {\n        content: \"\u2022 \";\n        color: #ffffff;\n    }\n<\/style>\n<p>[\/et_pb_text][\/et_pb_column][\/et_pb_row][\/et_pb_section]<\/p>\n","protected":false},"excerpt":{"rendered":"<p>CONFORMACI\u00d3N DEL MEMEl Mercado El\u00e9ctrico Mayorista (MEM) esta conformado por Empresas Generadoras, Empresas Transmisoras, Empresas Distribuidoras y Consumidores No Regulados, denominados Agentes del MEM, en el presente, estos Agentes son los siguientes:Empresas de Generaci\u00f3n Compa\u00f1\u00eda Boliviana de Energ\u00eda El\u00e9ctrica S.A. Bolivian Power Company Limited Sucursal Bolivia (COBEE BPCo) Empresa El\u00e9ctrica ENDE GUARACACHI S.A. (ENDE GUARACACHI [&hellip;]<\/p>\n","protected":false},"author":1,"featured_media":0,"parent":0,"menu_order":0,"comment_status":"closed","ping_status":"closed","template":"","meta":{"_et_pb_use_builder":"on","_et_pb_old_content":"","_et_gb_content_width":"","footnotes":""},"class_list":["post-1994","page","type-page","status-publish","hentry"],"_links":{"self":[{"href":"https:\/\/w3.cndc.bo\/index.php\/wp-json\/wp\/v2\/pages\/1994","targetHints":{"allow":["GET"]}}],"collection":[{"href":"https:\/\/w3.cndc.bo\/index.php\/wp-json\/wp\/v2\/pages"}],"about":[{"href":"https:\/\/w3.cndc.bo\/index.php\/wp-json\/wp\/v2\/types\/page"}],"author":[{"embeddable":true,"href":"https:\/\/w3.cndc.bo\/index.php\/wp-json\/wp\/v2\/users\/1"}],"replies":[{"embeddable":true,"href":"https:\/\/w3.cndc.bo\/index.php\/wp-json\/wp\/v2\/comments?post=1994"}],"version-history":[{"count":12,"href":"https:\/\/w3.cndc.bo\/index.php\/wp-json\/wp\/v2\/pages\/1994\/revisions"}],"predecessor-version":[{"id":6333,"href":"https:\/\/w3.cndc.bo\/index.php\/wp-json\/wp\/v2\/pages\/1994\/revisions\/6333"}],"wp:attachment":[{"href":"https:\/\/w3.cndc.bo\/index.php\/wp-json\/wp\/v2\/media?parent=1994"}],"curies":[{"name":"wp","href":"https:\/\/api.w.org\/{rel}","templated":true}]}}