{"id":1686,"date":"2025-03-20T14:13:59","date_gmt":"2025-03-20T18:13:59","guid":{"rendered":"https:\/\/w3.cndc.bo\/?page_id=1686"},"modified":"2025-12-10T03:57:33","modified_gmt":"2025-12-10T07:57:33","slug":"antecedents","status":"publish","type":"page","link":"https:\/\/w3.cndc.bo\/index.php\/antecedents\/","title":{"rendered":"Antecedents"},"content":{"rendered":"<p>[et_pb_section fb_built=\u00bb1&#8243; admin_label=\u00bbHeader\u00bb _builder_version=\u00bb4.20.0&#8243; _module_preset=\u00bbdefault\u00bb collapsed=\u00bboff\u00bb global_colors_info=\u00bb{}\u00bb][et_pb_row _builder_version=\u00bb4.27.4&#8243; _module_preset=\u00bbdefault\u00bb border_color_all=\u00bb#00bfff\u00bb border_width_left=\u00bb15px\u00bb border_color_left=\u00bb#0C71C3&#8243; global_colors_info=\u00bb{}\u00bb][et_pb_column type=\u00bb4_4&#8243; _builder_version=\u00bb4.20.0&#8243; _module_preset=\u00bbdefault\u00bb global_colors_info=\u00bb{}\u00bb][et_pb_text _builder_version=\u00bb4.27.4&#8243; _module_preset=\u00bbd0f65e86-ae69-4d33-bfd0-6f3392592cd4&#8243; custom_margin=\u00bb10px||10px|25px|true|false\u00bb global_colors_info=\u00bb{}\u00bb]<\/p>\n<h2>ANTECEDENTES<\/h2>\n<p>[\/et_pb_text][et_pb_text _builder_version=\u00bb4.27.4&#8243; _module_preset=\u00bb257fc659-fe99-4d0b-9d4a-a8e86dde3e77&#8243; custom_margin=\u00bb10px||10px|25px|true|false\u00bb global_colors_info=\u00bb{}\u00bb]<\/p>\n<p style=\"text-align: justify;\">A partir de 1993, se ejecut\u00f3 la Reforma del Sector El\u00e9ctrico Boliviano con el prop\u00f3sito de otorgar al sector las condiciones adecuadas para su funcionamiento eficiente y asegurar su desarrollo sostenible, posibilitando el funcionamiento de mercados competitivos, donde \u00e9stos sean posibles o simulando competencia all\u00ed donde el mercado no pueda lograrlo por s\u00ed mismo; en el entendido de que las estructuras de mercados competitivos permiten alcanzar eficiencia econ\u00f3mica.<\/p>\n<p>[\/et_pb_text][\/et_pb_column][\/et_pb_row][\/et_pb_section][et_pb_section fb_built=\u00bb1&#8243; admin_label=\u00bbFeature\u00bb _builder_version=\u00bb4.27.4&#8243; _module_preset=\u00bbdefault\u00bb custom_padding=\u00bb0px||0px||true|false\u00bb box_shadow_style=\u00bbpreset1&#8243; locked=\u00bboff\u00bb collapsed=\u00bboff\u00bb global_colors_info=\u00bb{}\u00bb][et_pb_row column_structure=\u00bb1_2,1_2&#8243; use_custom_gutter=\u00bbon\u00bb gutter_width=\u00bb1&#8243; make_equal=\u00bbon\u00bb _builder_version=\u00bb4.27.4&#8243; _module_preset=\u00bbdefault\u00bb width=\u00bb100%\u00bb max_width=\u00bbnone\u00bb min_height=\u00bb869px\u00bb custom_margin=\u00bb|auto|55px|auto||\u00bb custom_padding=\u00bb0px||0px||true|false\u00bb hover_enabled=\u00bb0&#8243; global_colors_info=\u00bb{}\u00bb sticky_enabled=\u00bb0&#8243;][et_pb_column type=\u00bb1_2&#8243; _builder_version=\u00bb4.27.4&#8243; _module_preset=\u00bbdefault\u00bb background_image=\u00bbhttps:\/\/w3.cndc.bo\/wp-content\/uploads\/2025\/05\/Ciudad_de_La_Paz_de_noche.jpg\u00bb background_position=\u00bbbottom_center\u00bb background_vertical_offset=\u00bb66%\u00bb background_blend=\u00bbmultiply\u00bb custom_padding=\u00bb10vw|10vw|10vw|10vw|true|true\u00bb box_shadow_style=\u00bbpreset4&#8243; box_shadow_horizontal=\u00bb0px\u00bb box_shadow_vertical=\u00bb0px\u00bb box_shadow_spread=\u00bb6vw\u00bb box_shadow_color=\u00bb#FFFFFF\u00bb box_shadow_position=\u00bbinner\u00bb global_colors_info=\u00bb{}\u00bb][et_pb_image src=\u00bbhttps:\/\/w3.cndc.bo\/wp-content\/uploads\/2024\/12\/CNDC_FOTO_1_1_VIDEO4.jpg\u00bb title_text=\u00bbCNDC_FOTO_1_1_VIDEO4&#8243; align=\u00bbcenter\u00bb _builder_version=\u00bb4.27.4&#8243; _module_preset=\u00bbdefault\u00bb border_radii=\u00bbon|5px|5px|5px|5px\u00bb border_width_all=\u00bb10px\u00bb border_color_all=\u00bb#FFFFFF\u00bb global_colors_info=\u00bb{}\u00bb][\/et_pb_image][et_pb_image src=\u00bbhttps:\/\/w3.cndc.bo\/wp-content\/uploads\/2025\/03\/MEM.png\u00bb title_text=\u00bbMEM\u00bb align=\u00bbcenter\u00bb _builder_version=\u00bb4.27.4&#8243; _module_preset=\u00bbdefault\u00bb custom_margin=\u00bb50px||||false|false\u00bb border_radii=\u00bbon|5px|5px|5px|5px\u00bb border_width_all=\u00bb10px\u00bb border_color_all=\u00bb#FFFFFF\u00bb global_colors_info=\u00bb{}\u00bb][\/et_pb_image][\/et_pb_column][et_pb_column type=\u00bb1_2&#8243; _builder_version=\u00bb4.27.4&#8243; _module_preset=\u00bbdefault\u00bb background_color=\u00bbgcid-86da69f8-ce43-4c42-8395-4abd58818e72&#8243; custom_padding=\u00bb10vw|8vw|10vw|8vw|true|true\u00bb hover_enabled=\u00bb0&#8243; global_colors_info=\u00bb{%22gcid-86da69f8-ce43-4c42-8395-4abd58818e72%22:%91%22background_color%22%93}\u00bb sticky_enabled=\u00bb0&#8243;][et_pb_text _builder_version=\u00bb4.27.4&#8243; _module_preset=\u00bb257fc659-fe99-4d0b-9d4a-a8e86dde3e77&#8243; global_colors_info=\u00bb{}\u00bb]<\/p>\n<p style=\"text-align: justify;\"><span style=\"color: #ffffff;\">Los resultados m\u00e1s importantes de la reforma del sector el\u00e9ctrico, fueron los siguientes:<\/span><\/p>\n<p style=\"text-align: justify;\"><span style=\"color: #ffffff;\"><\/span><\/p>\n<ul style=\"line-height: 1.5;\">\n<li style=\"list-style-type: none;\">\n<ul>\n<li style=\"text-align: justify; color: #ffffff;\"><span style=\"color: #ffffff;\">La promulgaci\u00f3n de la Ley de Electricidad N\u00b0 1604 de 21 de diciembre de 1994;<\/span><\/li>\n<li style=\"text-align: justify; color: #ffffff;\"><span style=\"color: #ffffff;\">La aprobaci\u00f3n de sus Reglamentos mediante D.S. N\u00b0 24043 de 28 de junio de 1995;<\/span><\/li>\n<li style=\"text-align: justify; color: #ffffff;\"><span style=\"color: #ffffff;\">La transferencia de las empresas el\u00e9ctricas de propiedad del Estado al sector privado a trav\u00e9s de los procesos de capitalizaci\u00f3n y privatizaci\u00f3n;<\/span><\/li>\n<li style=\"text-align: justify; color: #ffffff;\"><span style=\"color: #ffffff;\">La desintegraci\u00f3n vertical y horizontal de las empresas el\u00e9ctricas en el Sistema Interconectado Nacional (SIN), las mismas que deben estar desagregadas en empresas de Generaci\u00f3n, Transmisi\u00f3n y Distribuci\u00f3n y dedicadas exclusivamente a una sola de estas actividades;<\/span><\/li>\n<li style=\"text-align: justify; color: #ffffff;\"><span style=\"color: #ffffff;\">El establecimiento de la Superintendencia de Electricidad, que inici\u00f3 su actividad en enero de 1996;<\/span><\/li>\n<li style=\"text-align: justify; color: #ffffff;\"><span style=\"color: #ffffff;\">La creaci\u00f3n e inicio de funcionamiento en febrero de 1996 del Comit\u00e9 Nacional de Despacho de Carga (CNDC), como la entidad responsable de la coordinaci\u00f3n de la operaci\u00f3n t\u00e9cnica y administraci\u00f3n del Mercado El\u00e9ctrico Mayorista (MEM);<\/span><\/li>\n<li style=\"text-align: justify; color: #ffffff;\"><span style=\"color: #ffffff;\">La conformaci\u00f3n e inicio de la operaci\u00f3n del MEM en mayo de 1996.<\/span><\/li>\n<\/ul>\n<\/li>\n<\/ul>\n<p>[\/et_pb_text][et_pb_text _builder_version=\u00bb4.27.4&#8243; _module_preset=\u00bb257fc659-fe99-4d0b-9d4a-a8e86dde3e77&#8243; global_colors_info=\u00bb{}\u00bb]<\/p>\n<p style=\"text-align: justify;\"><span style=\"color: #ffffff;\">A partir del a\u00f1o 2006, se inicia un nuevo periodo de reforma del sector el\u00e9ctrico con los siguientes resultados:<\/span><\/p>\n<p style=\"text-align: justify;\"><span style=\"color: #ffffff;\"><\/span><\/p>\n<ul style=\"line-height: 1.5;\">\n<li style=\"list-style-type: none;\">\n<ul>\n<li style=\"text-align: justify; color: #ffffff;\"><span style=\"color: #ffffff;\">Modificaciones al funcionamiento y organizaci\u00f3n del CNDC, acorde con prioridades estrat\u00e9gicas del sector en el Plan Nacional de desarrollo, complementando y modificando el ROME y dem\u00e1s normativas (Decreto Supremo N\u00ba 29624 del 02\/07\/2008).<\/span><\/li>\n<li style=\"text-align: justify; color: #ffffff;\"><span style=\"color: #ffffff;\">Refundaci\u00f3n de la Empresa Nacional de Electricidad ( ENDE ); Decreto Supremo N\u00ba 29644 del 16\/07\/2008, que tiene como objetivo y rol estrat\u00e9gico en la participaci\u00f3n de toda la cadena productiva de la industria el\u00e9ctrica, as\u00ed como la importaci\u00f3n y exportaci\u00f3n de electricidad en forma sostenible con promoci\u00f3n del desarrollo social y econ\u00f3mico del pa\u00eds.<\/span><\/li>\n<li style=\"text-align: justify; color: #ffffff;\"><span style=\"color: #ffffff;\">Se crea la Autoridad de Fiscalizaci\u00f3n de Electricidad y Tecnolog\u00eda Nuclear mediante el Decreto Supremo N\u00b0 3892 del 1 de mayo de 2019.<\/span><\/li>\n<\/ul>\n<\/li>\n<\/ul>\n<p>[\/et_pb_text][\/et_pb_column][\/et_pb_row][\/et_pb_section]<\/p>\n","protected":false},"excerpt":{"rendered":"<p>ANTECEDENTESA partir de 1993, se ejecut\u00f3 la Reforma del Sector El\u00e9ctrico Boliviano con el prop\u00f3sito de otorgar al sector las condiciones adecuadas para su funcionamiento eficiente y asegurar su desarrollo sostenible, posibilitando el funcionamiento de mercados competitivos, donde \u00e9stos sean posibles o simulando competencia all\u00ed donde el mercado no pueda lograrlo por s\u00ed mismo; en [&hellip;]<\/p>\n","protected":false},"author":1,"featured_media":0,"parent":0,"menu_order":0,"comment_status":"closed","ping_status":"closed","template":"","meta":{"_et_pb_use_builder":"on","_et_pb_old_content":"","_et_gb_content_width":"","footnotes":""},"class_list":["post-1686","page","type-page","status-publish","hentry"],"_links":{"self":[{"href":"https:\/\/w3.cndc.bo\/index.php\/wp-json\/wp\/v2\/pages\/1686","targetHints":{"allow":["GET"]}}],"collection":[{"href":"https:\/\/w3.cndc.bo\/index.php\/wp-json\/wp\/v2\/pages"}],"about":[{"href":"https:\/\/w3.cndc.bo\/index.php\/wp-json\/wp\/v2\/types\/page"}],"author":[{"embeddable":true,"href":"https:\/\/w3.cndc.bo\/index.php\/wp-json\/wp\/v2\/users\/1"}],"replies":[{"embeddable":true,"href":"https:\/\/w3.cndc.bo\/index.php\/wp-json\/wp\/v2\/comments?post=1686"}],"version-history":[{"count":29,"href":"https:\/\/w3.cndc.bo\/index.php\/wp-json\/wp\/v2\/pages\/1686\/revisions"}],"predecessor-version":[{"id":5994,"href":"https:\/\/w3.cndc.bo\/index.php\/wp-json\/wp\/v2\/pages\/1686\/revisions\/5994"}],"wp:attachment":[{"href":"https:\/\/w3.cndc.bo\/index.php\/wp-json\/wp\/v2\/media?parent=1686"}],"curies":[{"name":"wp","href":"https:\/\/api.w.org\/{rel}","templated":true}]}}